{"id":81,"date":"2021-03-23T05:54:29","date_gmt":"2021-03-23T05:54:29","guid":{"rendered":"https:\/\/www.aproxa.pl\/Symetria\/?page_id=81"},"modified":"2026-04-01T15:36:51","modified_gmt":"2026-04-01T15:36:51","slug":"contact","status":"publish","type":"page","link":"https:\/\/www.aproxa.pl\/Symetria\/contact\/","title":{"rendered":"Contact"},"content":{"rendered":"<!--themify_builder_content-->\n<div id=\"themify_builder_content-81\" data-postid=\"81\" class=\"themify_builder_content themify_builder_content-81 themify_builder tf_clear\">\n                    <div  data-lazy=\"1\" class=\"module_row themify_builder_row tb_ez6i496 tb_first tf_w\">\n            <span class=\"tb_row_frame_wrap tf_overflow tf_abs\" data-lazy=\"1\"><span class=\"tb_row_frame tb_row_frame_bottom  tf_abs tf_hide tf_overflow tf_w\"><\/span><\/span>            <div class=\"row_inner col_align_top tb_col_count_1 tf_box tf_rel\">\n                        <div  data-lazy=\"1\" class=\"module_column tb-column col-full tb_5rid496 first\">\n                    <!-- module text -->\n<div  class=\"module module-text tb_7alp419   \" data-lazy=\"1\">\n        <div  class=\"tb_text_wrap\">\n        <h2>Kontakt<\/h2>    <\/div>\n<\/div>\n<!-- \/module text -->        <\/div>\n                        <\/div>\n        <\/div>\n                        <div  data-lazy=\"1\" class=\"module_row themify_builder_row tb_5ksy98 tf_w\">\n                        <div class=\"row_inner col_align_middle tb_col_count_2 tf_box tf_rel\">\n                        <div  data-lazy=\"1\" class=\"module_column tb-column col3-2 tb_079m100 first\">\n                    <!-- module text -->\n<div  class=\"module module-text tb_wlqi274   \" data-lazy=\"1\">\n        <div  class=\"tb_text_wrap\">\n        <h3><em>Stawiaj\u0105c na rozw\u00f3j wybierz m\u0105drze. Inwestycja w siebie jest bowiem najlepsz\u0105 rzecz\u0105 jak\u0105 mo\u017cesz zrobi\u0107 dla siebie.<\/em><\/h3>    <\/div>\n<\/div>\n<!-- \/module text -->        <\/div>\n                    <div  data-lazy=\"1\" class=\"module_column tb-column col3-1 tb_rceg418 last\">\n                            <div  data-lazy=\"1\" class=\"module_subrow themify_builder_sub_row tf_w col_align_top tb_col_count_1 tb_5y70819\">\n                <div  data-lazy=\"1\" class=\"module_column sub_column col-full tb_g22z821 first\">\n                    <!-- module divider -->\n<div  class=\"module tf_mw module-divider tb_vqr2686 solid  divider-custom divider-left\" style=\"border-width: 5px;border-color: #ffffff;margin-bottom: 15px;max-width: 80px;\" data-lazy=\"1\">\n    <\/div>\n<!-- \/module divider -->\n<!-- module text -->\n<div  class=\"module module-text tb_shek491   \" data-lazy=\"1\">\n        <div  class=\"tb_text_wrap\">\n        <h3>Nasze godziny pracy<\/h3>    <\/div>\n<\/div>\n<!-- \/module text -->        <div  data-lazy=\"1\" class=\"module_subrow themify_builder_sub_row tf_w col_align_top tb_col_count_2 tb_8gp5205\">\n                <div  data-lazy=\"1\" class=\"module_column sub_column col4-2 tb_rkjc205 first\">\n                    <!-- module text -->\n<div  class=\"module module-text tb_hnig878   \" data-lazy=\"1\">\n        <div  class=\"tb_text_wrap\">\n        <p>Pon. &#8211; Pi\u0105tek<br>Sobota<\/p>    <\/div>\n<\/div>\n<!-- \/module text -->        <\/div>\n                    <div  data-lazy=\"1\" class=\"module_column sub_column col4-2 tb_urgg205 last\">\n                    <!-- module text -->\n<div  class=\"module module-text tb_ptu0826   \" data-lazy=\"1\">\n        <div  class=\"tb_text_wrap\">\n        <p>9:00 &#8211; 20:00<br>9:00 &#8211; 14:00<\/p>    <\/div>\n<\/div>\n<!-- \/module text -->        <\/div>\n                    <\/div>\n                <\/div>\n                    <\/div>\n                <\/div>\n                        <\/div>\n        <\/div>\n                        <div  data-css_id=\"8d1k858\" data-lazy=\"1\" class=\"module_row themify_builder_row fullwidth tb_8d1k858 tf_w\">\n            <span class=\"tb_row_frame_wrap tf_overflow tf_abs\" data-lazy=\"1\"><span class=\"tb_row_frame tb_row_frame_top  tf_abs tf_hide tf_overflow tf_w\"><\/span><\/span>            <div class=\"row_inner col_align_bottom gutter-none tb_col_count_2 tf_box tf_rel\">\n                        <div  data-lazy=\"1\" class=\"module_column tb-column col3-1 tb_lyzp859 first\">\n                            <div  data-lazy=\"1\" class=\"module_subrow themify_builder_sub_row tf_w col_align_top tb_col_count_1 tb_0vou713\">\n                <div  data-lazy=\"1\" class=\"module_column sub_column col-full tb_1m4q714 first\">\n                            <\/div>\n                    <\/div>\n                <div  data-lazy=\"1\" class=\"module_subrow themify_builder_sub_row tf_w col_align_top tb_col_count_1 tb_g8hn605\">\n                <div  data-lazy=\"1\" class=\"module_column sub_column col-full tb_hs54606 first\">\n                    <!-- module image -->\n<div  class=\"module module-image tb_v3vm545 image-top rounded  tf_mw\" data-lazy=\"1\">\n        <div class=\"image-wrap tf_rel tf_mw\">\n            <img loading=\"lazy\" decoding=\"async\" width=\"736\" height=\"595\" src=\"https:\/\/www.aproxa.pl\/Symetria\/wp-content\/uploads\/2026\/02\/ls_academy.jpg\" class=\"wp-post-image wp-image-1176\" title=\"ls_academy\" alt=\"ls_academy\" srcset=\"https:\/\/www.aproxa.pl\/Symetria\/wp-content\/uploads\/2026\/02\/ls_academy.jpg 736w, https:\/\/www.aproxa.pl\/Symetria\/wp-content\/uploads\/2026\/02\/ls_academy-300x243.jpg 300w, https:\/\/www.aproxa.pl\/Symetria\/wp-content\/uploads\/2026\/02\/ls_academy-600x485.jpg 600w\" sizes=\"auto, (max-width: 736px) 100vw, 736px\" \/>    \n        <\/div>\n    <!-- \/image-wrap -->\n    \n        <\/div>\n<!-- \/module image -->        <\/div>\n                    <\/div>\n                <\/div>\n                    <div  data-lazy=\"1\" class=\"module_column tb-column col3-2 tb_rkw1984 last\">\n                            <div  data-lazy=\"1\" class=\"module_subrow themify_builder_sub_row tf_w col_align_bottom tb_col_count_2 tb_zew3301\">\n                <div  data-lazy=\"1\" class=\"module_column sub_column col4-1 tb_3asg303 first\">\n                            <\/div>\n                    <div  data-lazy=\"1\" class=\"module_column sub_column col4-3 tb_2m9t303 last\">\n                    <!-- module text -->\n<div  class=\"module module-text tb_fkzz69   \" data-lazy=\"1\">\n        <div  class=\"tb_text_wrap\">\n        <h3>Kontakt z nami<\/h3>    <\/div>\n<\/div>\n<!-- \/module text --><!-- module feature -->\n<div  class=\"module module-feature tb_1uvr219 no-chart layout-icon-left size-custom \" data-layout-mobile=\"icon-top\" data-layout-desktop=\"icon-left\" data-lazy=\"1\">\n        <div class=\"module-feature-image tf_textc tf_rel\">\n                            <span class=\"module-feature-chart-html5 tf_box tf_rel tf_inline_b\" style=\"width:70px;height:70px;background-color:#ff593b\">\n                                <span class=\"chart-html5-circle tf_w tf_h\">\n                                            <em class=\"module-feature-icon tf_rel\" style=\"color:#ffffff\"><svg  class=\"tf_fa tf-ti-comments\" xmlns:xlink=\"http:\/\/www.w3.org\/1999\/xlink\" aria-hidden=\"true\"><use href=\"#tf-ti-comments\" xlink:href=\"#tf-ti-comments\"><\/use><\/svg><\/em>\n                                    <\/span>\n\n                \n            <\/span>\n                <\/div>\n    <div class=\"module-feature-content tf_textc\">\n                    <h3 class=\"module-feature-title\">\n                            E-mail                        <\/h3>\n                    <div class=\"tb_text_wrap\">\n            <p>szkolenia@lasymetrie.pl<\/p>        <\/div>\n    <\/div>\n<\/div>\n<!-- \/module feature -->\n<!-- module feature -->\n<div  class=\"module module-feature tb_10wn749 no-chart layout-icon-left size-custom \" data-layout-mobile=\"icon-top\" data-layout-desktop=\"icon-left\" data-lazy=\"1\">\n        <div class=\"module-feature-image tf_textc tf_rel\">\n                            <span class=\"module-feature-chart-html5 tf_box tf_rel tf_inline_b\" style=\"width:70px;height:70px;background-color:#ff593b\">\n                                <span class=\"chart-html5-circle tf_w tf_h\">\n                                            <em class=\"module-feature-icon tf_rel\" style=\"color:#ffffff\"><svg  class=\"tf_fa tf-ti-headphone-alt\" xmlns:xlink=\"http:\/\/www.w3.org\/1999\/xlink\" aria-hidden=\"true\"><use href=\"#tf-ti-headphone-alt\" xlink:href=\"#tf-ti-headphone-alt\"><\/use><\/svg><\/em>\n                                    <\/span>\n\n                \n            <\/span>\n                <\/div>\n    <div class=\"module-feature-content tf_textc\">\n                    <h3 class=\"module-feature-title\">\n                            Numer telefonu                        <\/h3>\n                    <div class=\"tb_text_wrap\">\n            <p>690 197 000<\/p>        <\/div>\n    <\/div>\n<\/div>\n<!-- \/module feature -->\n<!-- module feature -->\n<div  class=\"module module-feature tb_xpni709 no-chart layout-icon-left size-custom \" data-layout-mobile=\"icon-top\" data-layout-desktop=\"icon-left\" data-lazy=\"1\">\n        <div class=\"module-feature-image tf_textc tf_rel\">\n                            <span class=\"module-feature-chart-html5 tf_box tf_rel tf_inline_b\" style=\"width:70px;height:70px;background-color:#ff593b\">\n                                <span class=\"chart-html5-circle tf_w tf_h\">\n                                            <em class=\"module-feature-icon tf_rel\" style=\"color:#ffffff\"><svg  class=\"tf_fa tf-ti-direction-alt\" xmlns:xlink=\"http:\/\/www.w3.org\/1999\/xlink\" aria-hidden=\"true\"><use href=\"#tf-ti-direction-alt\" xlink:href=\"#tf-ti-direction-alt\"><\/use><\/svg><\/em>\n                                    <\/span>\n\n                \n            <\/span>\n                <\/div>\n    <div class=\"module-feature-content tf_textc\">\n                    <h3 class=\"module-feature-title\">\n                            Adres                        <\/h3>\n                    <div class=\"tb_text_wrap\">\n            <p>Warszawska 178, 32-087 Bibice<\/p>        <\/div>\n    <\/div>\n<\/div>\n<!-- \/module feature -->\n        <\/div>\n                    <\/div>\n                <\/div>\n                        <\/div>\n        <\/div>\n                        <div  data-lazy=\"1\" class=\"module_row themify_builder_row tb_6ewr529 tf_w\">\n                        <div class=\"row_inner col_align_top tb_col_count_1 tf_box tf_rel\">\n                        <div  data-lazy=\"1\" class=\"module_column tb-column col-full tb_wgk5529 first\">\n                    <!-- module image -->\n<div  class=\"module module-image tb_08mq512 image-top   tf_mw\" data-lazy=\"1\">\n        <div class=\"image-wrap tf_rel tf_mw\">\n            <img loading=\"lazy\" decoding=\"async\" width=\"2233\" height=\"1173\" src=\"https:\/\/www.aproxa.pl\/Symetria\/wp-content\/uploads\/2026\/03\/lasymetrie_mapa.png\" class=\"wp-post-image wp-image-1517\" title=\"lasymetrie_mapa\" alt=\"lasymetrie_mapa\" srcset=\"https:\/\/www.aproxa.pl\/Symetria\/wp-content\/uploads\/2026\/03\/lasymetrie_mapa.png 2233w, https:\/\/www.aproxa.pl\/Symetria\/wp-content\/uploads\/2026\/03\/lasymetrie_mapa-300x158.png 300w, https:\/\/www.aproxa.pl\/Symetria\/wp-content\/uploads\/2026\/03\/lasymetrie_mapa-1024x538.png 1024w, https:\/\/www.aproxa.pl\/Symetria\/wp-content\/uploads\/2026\/03\/lasymetrie_mapa-768x403.png 768w, https:\/\/www.aproxa.pl\/Symetria\/wp-content\/uploads\/2026\/03\/lasymetrie_mapa-1536x807.png 1536w, https:\/\/www.aproxa.pl\/Symetria\/wp-content\/uploads\/2026\/03\/lasymetrie_mapa-2048x1076.png 2048w, https:\/\/www.aproxa.pl\/Symetria\/wp-content\/uploads\/2026\/03\/lasymetrie_mapa-600x315.png 600w\" sizes=\"auto, (max-width: 2233px) 100vw, 2233px\" \/>    \n        <\/div>\n    <!-- \/image-wrap -->\n    \n        <\/div>\n<!-- \/module image -->        <\/div>\n                        <\/div>\n        <\/div>\n                        <div  data-lazy=\"1\" class=\"module_row themify_builder_row tb_1h5e989 tf_w\">\n                        <div class=\"row_inner col_align_top tb_col_count_1 tf_box tf_rel\">\n                        <div  data-lazy=\"1\" class=\"module_column tb-column col-full tb_vf0j990 first\">\n                            <\/div>\n                        <\/div>\n        <\/div>\n        <\/div>\n<!--\/themify_builder_content-->","protected":false},"excerpt":{"rendered":"<p>Kontakt<\/p>\n","protected":false},"author":1,"featured_media":0,"parent":0,"menu_order":0,"comment_status":"closed","ping_status":"closed","template":"","meta":{"footnotes":""},"class_list":["post-81","page","type-page","status-publish","hentry","has-post-title","has-post-date","has-post-category","has-post-tag","has-post-comment","has-post-author",""],"builder_content":"<h2>Kontakt<\/h2>\n<h3><em>Stawiaj\u0105c na rozw\u00f3j wybierz m\u0105drze. Inwestycja w siebie jest bowiem najlepsz\u0105 rzecz\u0105 jak\u0105 mo\u017cesz zrobi\u0107 dla siebie.<\/em><\/h3>\n\n<h3>Nasze godziny pracy<\/h3>\n<p>Pon. - Pi\u0105tek<br>Sobota<\/p>\n<p>9:00 - 20:00<br>9:00 - 14:00<\/p>\n<img src=\"https:\/\/www.aproxa.pl\/Symetria\/wp-content\/uploads\/2026\/02\/ls_academy.jpg\" title=\"ls_academy\" alt=\"ls_academy\" srcset=\"https:\/\/www.aproxa.pl\/Symetria\/wp-content\/uploads\/2026\/02\/ls_academy.jpg 736w, https:\/\/www.aproxa.pl\/Symetria\/wp-content\/uploads\/2026\/02\/ls_academy-300x243.jpg 300w, https:\/\/www.aproxa.pl\/Symetria\/wp-content\/uploads\/2026\/02\/ls_academy-600x485.jpg 600w\" sizes=\"(max-width: 736px) 100vw, 736px\" \/>\n<h3>Kontakt z nami<\/h3>\n<em style=\"color:#ffffff\"><svg xmlns:xlink=\"http:\/\/www.w3.org\/1999\/xlink\" aria-hidden=\"true\"><use href=\"#tf-ti-comments\" xlink:href=\"#tf-ti-comments\"><\/use><\/svg><\/em> \n <h3> E-mail <\/h3> <p>szkolenia@lasymetrie.pl<\/p>\n<em style=\"color:#ffffff\"><svg xmlns:xlink=\"http:\/\/www.w3.org\/1999\/xlink\" aria-hidden=\"true\"><use href=\"#tf-ti-headphone-alt\" xlink:href=\"#tf-ti-headphone-alt\"><\/use><\/svg><\/em> \n <h3> Numer telefonu <\/h3> <p>690 197 000<\/p>\n<em style=\"color:#ffffff\"><svg xmlns:xlink=\"http:\/\/www.w3.org\/1999\/xlink\" aria-hidden=\"true\"><use href=\"#tf-ti-direction-alt\" xlink:href=\"#tf-ti-direction-alt\"><\/use><\/svg><\/em> \n <h3> Adres <\/h3> <p>Warszawska 178, 32-087 Bibice<\/p>\n<img src=\"https:\/\/www.aproxa.pl\/Symetria\/wp-content\/uploads\/2026\/03\/lasymetrie_mapa.png\" title=\"lasymetrie_mapa\" alt=\"lasymetrie_mapa\" srcset=\"https:\/\/www.aproxa.pl\/Symetria\/wp-content\/uploads\/2026\/03\/lasymetrie_mapa.png 2233w, https:\/\/www.aproxa.pl\/Symetria\/wp-content\/uploads\/2026\/03\/lasymetrie_mapa-300x158.png 300w, https:\/\/www.aproxa.pl\/Symetria\/wp-content\/uploads\/2026\/03\/lasymetrie_mapa-1024x538.png 1024w, https:\/\/www.aproxa.pl\/Symetria\/wp-content\/uploads\/2026\/03\/lasymetrie_mapa-768x403.png 768w, https:\/\/www.aproxa.pl\/Symetria\/wp-content\/uploads\/2026\/03\/lasymetrie_mapa-1536x807.png 1536w, https:\/\/www.aproxa.pl\/Symetria\/wp-content\/uploads\/2026\/03\/lasymetrie_mapa-2048x1076.png 2048w, https:\/\/www.aproxa.pl\/Symetria\/wp-content\/uploads\/2026\/03\/lasymetrie_mapa-600x315.png 600w\" sizes=\"(max-width: 2233px) 100vw, 2233px\" \/>","_links":{"self":[{"href":"https:\/\/www.aproxa.pl\/Symetria\/wp-json\/wp\/v2\/pages\/81","targetHints":{"allow":["GET"]}}],"collection":[{"href":"https:\/\/www.aproxa.pl\/Symetria\/wp-json\/wp\/v2\/pages"}],"about":[{"href":"https:\/\/www.aproxa.pl\/Symetria\/wp-json\/wp\/v2\/types\/page"}],"author":[{"embeddable":true,"href":"https:\/\/www.aproxa.pl\/Symetria\/wp-json\/wp\/v2\/users\/1"}],"replies":[{"embeddable":true,"href":"https:\/\/www.aproxa.pl\/Symetria\/wp-json\/wp\/v2\/comments?post=81"}],"version-history":[{"count":54,"href":"https:\/\/www.aproxa.pl\/Symetria\/wp-json\/wp\/v2\/pages\/81\/revisions"}],"predecessor-version":[{"id":1523,"href":"https:\/\/www.aproxa.pl\/Symetria\/wp-json\/wp\/v2\/pages\/81\/revisions\/1523"}],"wp:attachment":[{"href":"https:\/\/www.aproxa.pl\/Symetria\/wp-json\/wp\/v2\/media?parent=81"}],"curies":[{"name":"wp","href":"https:\/\/api.w.org\/{rel}","templated":true}]}}