{"id":83,"date":"2021-03-22T09:08:05","date_gmt":"2021-03-22T09:08:05","guid":{"rendered":"https:\/\/www.aproxa.pl\/Symetria\/?page_id=83"},"modified":"2026-03-05T14:18:51","modified_gmt":"2026-03-05T14:18:51","slug":"about","status":"publish","type":"page","link":"https:\/\/www.aproxa.pl\/Symetria\/about\/","title":{"rendered":"O nas"},"content":{"rendered":"","protected":true},"excerpt":{"rendered":"","protected":true},"author":1,"featured_media":0,"parent":0,"menu_order":0,"comment_status":"closed","ping_status":"closed","template":"","meta":{"footnotes":""},"class_list":["post-83","page","type-page","status-publish","post-password-required","hentry","has-post-title","has-post-date","has-post-category","has-post-tag","has-post-comment","has-post-author",""],"builder_content":"<h2>O nas<\/h2>\n<h6>Do\u015bwiadczenie ma znaczenie<\/h6> <p>Zesp\u00f3\u0142 naszych Instruktor\u00f3w to doskonali specjali\u015bci w swojej dziedzinie, nie tylko\u00a0<strong>trenerzy<\/strong>\u00a0ale przede wszystkim\u00a0<strong>praktycy<\/strong>, dla kt\u00f3rych praca jest pasj\u0105.<\/p> <p>Szkolenia odbywaj\u0105 si\u0119 w ma\u0142ych grupach i wysokiej klasy nowoczesnej plac\u00f3wce, dzi\u0119ki czemu masz mo\u017cliwo\u015b\u0107 bezpo\u015bredniej pracy ze szkoleniowcem, kt\u00f3ry po\u015bwi\u0119ci Ci odpowiedni\u0105 ilo\u015b\u0107 uwagi w cz\u0119\u015bci praktycznej. Gabinety szkoleniowe wyposa\u017cone w klimatyzacj\u0119 i mechaniczn\u0105 wymian\u0119 powietrza, dzi\u0119ki czemu czas sp\u0119dzony u nas b\u0119dzie naprawd\u0119 komfortowy dla Ciebie.<\/p> <p>Prowadzimy szkolenia dla:<\/p> <ul> <li><strong>Podolog\u00f3w<\/strong><\/li> <li><strong>Masa\u017cyst\u00f3w<\/strong><\/li> <li><strong>Fizjoterapeut\u00f3w<\/strong><\/li> <li><strong>Kosmetolog\u00f3w<\/strong><\/li> <li><strong>Kosmetyczek<\/strong><\/li> <li><strong>Os\u00f3b indywidualnych<\/strong><\/li> <\/ul>\n<img src=\"https:\/\/www.aproxa.pl\/Symetria\/wp-content\/uploads\/2026\/03\/katarzyna_menet_lg.jpg.png\" title=\"katarzyna_menet_lg.jpg\" alt=\"katarzyna_menet_lg.jpg\" srcset=\"https:\/\/www.aproxa.pl\/Symetria\/wp-content\/uploads\/2026\/03\/katarzyna_menet_lg.jpg.png 759w, https:\/\/www.aproxa.pl\/Symetria\/wp-content\/uploads\/2026\/03\/katarzyna_menet_lg.jpg-207x300.png 207w, https:\/\/www.aproxa.pl\/Symetria\/wp-content\/uploads\/2026\/03\/katarzyna_menet_lg.jpg-707x1024.png 707w, https:\/\/www.aproxa.pl\/Symetria\/wp-content\/uploads\/2026\/03\/katarzyna_menet_lg.jpg-600x870.png 600w\" sizes=\"(max-width: 759px) 100vw, 759px\" \/>\n<h3>4<\/h3> <p>Lata do\u015bwiadczenia<\/p>\n<h3>13<\/h3> <p>Kurs\u00f3w tematycznych<\/p>\n<h3>5000+<\/h3> <p>Klient\u00f3w, kt\u00f3rzy nam zaufali<\/p>\n<h3>4,8\/5<\/h3> <p>\u015arednia naszych ocen<\/p>\n<h3>Certyfikat<\/h3> <p>Posiadamy znak jako\u015bci Ma\u0142opolskich Standard\u00f3w Us\u0142ug Edukacyjno-Szkoleniowych Nr 654\/2023<\/p>\n<img src=\"https:\/\/www.aproxa.pl\/Symetria\/wp-content\/uploads\/2026\/02\/logo_MSUES_z_R_mae_600x400-258x172.jpg\" height=\"172\" title=\"logo_MSUES_z_R_mae_600x400\" alt=\"logo_MSUES_z_R_mae_600x400\" srcset=\"https:\/\/www.aproxa.pl\/Symetria\/wp-content\/uploads\/2026\/02\/logo_MSUES_z_R_mae_600x400-258x172.jpg 258w, https:\/\/www.aproxa.pl\/Symetria\/wp-content\/uploads\/2026\/02\/logo_MSUES_z_R_mae_600x400-300x200.jpg 300w, https:\/\/www.aproxa.pl\/Symetria\/wp-content\/uploads\/2026\/02\/logo_MSUES_z_R_mae_600x400.jpg 600w\" sizes=\"(max-width: 258px) 100vw, 258px\" \/>\n<img src=\"https:\/\/www.aproxa.pl\/Symetria\/wp-content\/uploads\/2025\/11\/podologia_3-1024x683-579x408.jpg\" width=\"579\" height=\"408\" title=\"podologia_3\" alt=\"podologia_3\">\n<h4>Nasi partnerzy<\/h4>\n<img src=\"data:image\/svg+xml,%3Csvg%20xmlns=%27http:\/\/www.w3.org\/2000\/svg%27%20width='468'%20height='65'%20viewBox=%270%200%20468%2065%27%3E%3C\/svg%3E\" loading=\"lazy\" data-lazy=\"1\" data-tf-not-load=\"1\" style=\"background:linear-gradient(to right,#060201 25%,#070302 25% 50%,#151211 50% 75%,#070302 75%),linear-gradient(to right,#0a0605 25%,#080403 25% 50%,#0d0909 50% 75%,#050100 75%),linear-gradient(to right,#050100 25%,#050100 25% 50%,#030000 50% 75%,#0e0a09 75%),linear-gradient(to right,#060201 25%,#060201 25% 50%,#100d0c 50% 75%,#0c0806 75%)\" decoding=\"async\" width=\"468\" height=\"65\" data-tf-src=\"https:\/\/www.aproxa.pl\/Symetria\/wp-content\/uploads\/2026\/02\/procarexpert_logo.png\" title=\"procarexpert_logo\" alt=\"procarexpert_logo\" data-tf-srcset=\"https:\/\/www.aproxa.pl\/Symetria\/wp-content\/uploads\/2026\/02\/procarexpert_logo.png 468w, https:\/\/www.aproxa.pl\/Symetria\/wp-content\/uploads\/2026\/02\/procarexpert_logo-300x42.png 300w, https:\/\/www.aproxa.pl\/Symetria\/wp-content\/uploads\/2026\/02\/procarexpert_logo-1440x200.png 1440w\" data-tf-sizes=\"(max-width: 468px) 100vw, 468px\" \/><noscript><img data-tf-not-load data-no-script src=\"https:\/\/www.aproxa.pl\/Symetria\/wp-content\/uploads\/2026\/02\/procarexpert_logo.png\" title=\"procarexpert_logo\" alt=\"procarexpert_logo\" srcset=\"https:\/\/www.aproxa.pl\/Symetria\/wp-content\/uploads\/2026\/02\/procarexpert_logo.png 468w, https:\/\/www.aproxa.pl\/Symetria\/wp-content\/uploads\/2026\/02\/procarexpert_logo-300x42.png 300w, https:\/\/www.aproxa.pl\/Symetria\/wp-content\/uploads\/2026\/02\/procarexpert_logo-1440x200.png 1440w\" sizes=\"(max-width: 468px) 100vw, 468px\" \/><\/noscript> <img src=\"data:image\/svg+xml,%3Csvg%20xmlns=%27http:\/\/www.w3.org\/2000\/svg%27%20width='245'%20height='89'%20viewBox=%270%200%20245%2089%27%3E%3C\/svg%3E\" loading=\"lazy\" data-lazy=\"1\" data-tf-not-load=\"1\" style=\"background:linear-gradient(to right,#ff0000 25%,#ff0000 25% 50%,#ff9292 50% 75%,#ff0000 75%),linear-gradient(to right,#ffffff 25%,#ffffff 25% 50%,#ffffff 50% 75%,#ffffff 75%),linear-gradient(to right,#ffffff 25%,#ffffff 25% 50%,#ff0000 50% 75%,#ffffff 75%),linear-gradient(to right,#000000 25%,#000000 25% 50%,#000000 50% 75%,#000000 75%)\" decoding=\"async\" width=\"245\" height=\"89\" data-tf-src=\"https:\/\/www.aproxa.pl\/Symetria\/wp-content\/uploads\/2026\/02\/mazbit_logo.png\" title=\"mazbit_logo\" alt=\"mazbit_logo\" data-tf-srcset=\"https:\/\/www.aproxa.pl\/Symetria\/wp-content\/uploads\/2026\/02\/mazbit_logo.png 245w, https:\/\/www.aproxa.pl\/Symetria\/wp-content\/uploads\/2026\/02\/mazbit_logo-137x50.png 137w\" data-tf-sizes=\"(max-width: 245px) 100vw, 245px\" \/><noscript><img data-tf-not-load data-no-script src=\"https:\/\/www.aproxa.pl\/Symetria\/wp-content\/uploads\/2026\/02\/mazbit_logo.png\" title=\"mazbit_logo\" alt=\"mazbit_logo\" srcset=\"https:\/\/www.aproxa.pl\/Symetria\/wp-content\/uploads\/2026\/02\/mazbit_logo.png 245w, https:\/\/www.aproxa.pl\/Symetria\/wp-content\/uploads\/2026\/02\/mazbit_logo-137x50.png 137w\" sizes=\"(max-width: 245px) 100vw, 245px\" \/><\/noscript> <img src=\"data:image\/svg+xml,%3Csvg%20xmlns=%27http:\/\/www.w3.org\/2000\/svg%27%20width='397'%20height='64'%20viewBox=%270%200%20397%2064%27%3E%3C\/svg%3E\" loading=\"lazy\" data-lazy=\"1\" data-tf-not-load=\"1\" style=\"background:linear-gradient(to right,#26448c 25%,#26448c 25% 50%,#26448c 50% 75%,#26448c 75%),linear-gradient(to right,#26448c 25%,#26448c 25% 50%,#26448c 50% 75%,#26448c 75%),linear-gradient(to right,#26448c 25%,#26448c 25% 50%,#26448c 50% 75%,#26448c 75%),linear-gradient(to right,#26448c 25%,#26448c 25% 50%,#26448c 50% 75%,#26448c 75%)\" decoding=\"async\" width=\"397\" height=\"64\" data-tf-src=\"https:\/\/www.aproxa.pl\/Symetria\/wp-content\/uploads\/2026\/02\/hermespodia-logo.png\" title=\"hermespodia logo\" alt=\"hermespodia logo\" data-tf-srcset=\"https:\/\/www.aproxa.pl\/Symetria\/wp-content\/uploads\/2026\/02\/hermespodia-logo.png 397w, https:\/\/www.aproxa.pl\/Symetria\/wp-content\/uploads\/2026\/02\/hermespodia-logo-300x48.png 300w\" data-tf-sizes=\"(max-width: 397px) 100vw, 397px\" \/><noscript><img data-tf-not-load data-no-script src=\"https:\/\/www.aproxa.pl\/Symetria\/wp-content\/uploads\/2026\/02\/hermespodia-logo.png\" title=\"hermespodia logo\" alt=\"hermespodia logo\" srcset=\"https:\/\/www.aproxa.pl\/Symetria\/wp-content\/uploads\/2026\/02\/hermespodia-logo.png 397w, https:\/\/www.aproxa.pl\/Symetria\/wp-content\/uploads\/2026\/02\/hermespodia-logo-300x48.png 300w\" sizes=\"(max-width: 397px) 100vw, 397px\" \/><\/noscript> <img src=\"data:image\/svg+xml,%3Csvg%20xmlns=%27http:\/\/www.w3.org\/2000\/svg%27%20width='188'%20height='61'%20viewBox=%270%200%20188%2061%27%3E%3C\/svg%3E\" loading=\"lazy\" data-lazy=\"1\" data-tf-not-load=\"1\" style=\"background:linear-gradient(to right,#38404c 25%,#38404c 25% 50%,#38404c 50% 75%,#8c7c5d 75%),linear-gradient(to right,#38404c 25%,#38404c 25% 50%,#38404c 50% 75%,#8c7c5d 75%),linear-gradient(to right,#766d59 25%,#6e6757 25% 50%,#38404c 50% 75%,#8c7c5d 75%),linear-gradient(to right,#8c7c5d 25%,#8c7c5d 25% 50%,#8c7c5d 50% 75%,#8c7c5d 75%)\" decoding=\"async\" width=\"188\" height=\"61\" data-tf-src=\"https:\/\/www.aproxa.pl\/Symetria\/wp-content\/uploads\/2026\/02\/itp_logo.png\" title=\"itp_logo\" alt=\"itp_logo\" data-tf-srcset=\"https:\/\/www.aproxa.pl\/Symetria\/wp-content\/uploads\/2026\/02\/itp_logo.png 188w, https:\/\/www.aproxa.pl\/Symetria\/wp-content\/uploads\/2026\/02\/itp_logo-138x45.png 138w\" data-tf-sizes=\"(max-width: 188px) 100vw, 188px\" \/><noscript><img data-tf-not-load data-no-script src=\"https:\/\/www.aproxa.pl\/Symetria\/wp-content\/uploads\/2026\/02\/itp_logo.png\" title=\"itp_logo\" alt=\"itp_logo\" srcset=\"https:\/\/www.aproxa.pl\/Symetria\/wp-content\/uploads\/2026\/02\/itp_logo.png 188w, https:\/\/www.aproxa.pl\/Symetria\/wp-content\/uploads\/2026\/02\/itp_logo-138x45.png 138w\" sizes=\"(max-width: 188px) 100vw, 188px\" \/><\/noscript> <img src=\"data:image\/svg+xml,%3Csvg%20xmlns=%27http:\/\/www.w3.org\/2000\/svg%27%20width='586'%20height='61'%20viewBox=%270%200%20586%2061%27%3E%3C\/svg%3E\" loading=\"lazy\" data-lazy=\"1\" data-tf-not-load=\"1\" style=\"background:linear-gradient(to right,#0106a3 25%,#0106a3 25% 50%,#0106a3 50% 75%,#0106a3 75%),linear-gradient(to right,#0106a3 25%,#0106a3 25% 50%,#0106a3 50% 75%,#0106a3 75%),linear-gradient(to right,#0106a3 25%,#0106a3 25% 50%,#0106a3 50% 75%,#0106a3 75%),linear-gradient(to right,#0106a3 25%,#0106a3 25% 50%,#0106a3 50% 75%,#0106a3 75%)\" decoding=\"async\" width=\"586\" height=\"61\" data-tf-src=\"https:\/\/www.aproxa.pl\/Symetria\/wp-content\/uploads\/2026\/02\/zo-skin-logo.png\" title=\"zo-skin-logo\" alt=\"zo-skin-logo\" data-tf-srcset=\"https:\/\/www.aproxa.pl\/Symetria\/wp-content\/uploads\/2026\/02\/zo-skin-logo.png 586w, https:\/\/www.aproxa.pl\/Symetria\/wp-content\/uploads\/2026\/02\/zo-skin-logo-300x31.png 300w\" data-tf-sizes=\"(max-width: 586px) 100vw, 586px\" \/><noscript><img data-tf-not-load data-no-script src=\"https:\/\/www.aproxa.pl\/Symetria\/wp-content\/uploads\/2026\/02\/zo-skin-logo.png\" title=\"zo-skin-logo\" alt=\"zo-skin-logo\" srcset=\"https:\/\/www.aproxa.pl\/Symetria\/wp-content\/uploads\/2026\/02\/zo-skin-logo.png 586w, https:\/\/www.aproxa.pl\/Symetria\/wp-content\/uploads\/2026\/02\/zo-skin-logo-300x31.png 300w\" sizes=\"(max-width: 586px) 100vw, 586px\" \/><\/noscript>\n<h2>Cz\u0119sto zadawane pytania<\/h2>\n<ul><li><h4>W jakiej formie przeprowadzane s\u0105 szkolenia?<\/h4><p>Szkolenia prowadzone s\u0105 w formie stacjonarnej w naszych gabinetach szkoleniowych wyposa\u017conych w wysokiej klasy sprz\u0119t oraz klimatyzacj\u0119 zapewniaj\u0105c\u0105 komfortowe warunki pracy.<\/p><\/li><li><h4>Jak nale\u017cy si\u0119 przygotowa\u0107 do szkole\u0144?<\/h4><p>Prosimy o zabranie na szkolenie odzie\u017cy zamiennej (bluzy oraz spodni) i obuwia zamiennego. Prosimy r\u00f3wnie\u017c aby w trakcie cz\u0119\u015bci praktycznej w\u0142osy by\u0142y upi\u0119te a paznokcie u d\u0142oni kr\u00f3tko \u015bci\u0119te.<\/p><\/li><li><h4>Czy organizator zapewnia posi\u0142ki w trakcie zaj\u0119\u0107?<\/h4><p>Zapewniamy napoje, przek\u0105ski oraz posi\u0142ek w przerwie obiadowej.<\/p><\/li><li><h4>Czy szkolenie ko\u0144czy si\u0119 egzaminem?<\/h4><p>Wiedza i umiej\u0119tno\u015b\u0107 kursanta sprawdzane s\u0105 na bie\u017c\u0105co przez trenera w trakcie realizacji programu szkolenia na odpowiednio dobranych tematycznie do zaj\u0119\u0107 modelach. Niekt\u00f3re z kurs\u00f3w ko\u0144cz\u0105 si\u0119 r\u00f3wnie\u017c testem teoretycznym. Prosimy o sprawdzenie konkretnego opisu szkolenia w celu zapoznania si\u0119 z kryteriami weryfikacji efekt\u00f3w kszta\u0142cenia.<\/p><\/li><li><h4>Czy mo\u017cna przygotowa\u0107 szkolenie na miar\u0119 moich indywidualnych potrzeb?<\/h4><p>Tak, przygotowujemy r\u00f3wnie\u017c szkolenia indywidualne dostosowane do poziomu wiedzy i szybko\u015bci pracy.<\/p><\/li><\/ul>\n<ul><li><h4>Jakie materia\u0142y szkoleniowe zapewnia organizator?<\/h4><p>Zapewniamy niezb\u0119dne materia\u0142y dydaktyczne tzn. \u015brodki jednorazowego u\u017cytku, ochrony, narz\u0119dzia etc.<\/p><\/li><li><h4>Czy mog\u0119 roz\u0142o\u017cy\u0107 moj\u0105 p\u0142atno\u015b\u0107 na raty?<\/h4><p>P\u0142atno\u015b\u0107 na raty mo\u017ce zosta\u0107 zrealizowana poprzez naszego dostawc\u0119 p\u0142atno\u015bci, po spe\u0142nieniu wymaganych przez niego kryteri\u00f3w.<\/p><\/li><li><h4>Czy mo\u017cna u Pa\u0144stwa zrealizowa\u0107 szkolenie z dofinansowaniem?<\/h4><p dir=\"ltr\" role=\"presentation\">Tak mo\u017cna u nas zrealizowa\u0107 szkolenia z dofinansowaniem<\/p> <p dir=\"ltr\" role=\"presentation\">Gdzie szuka\u0107 dofinansowania?<\/p> <p dir=\"ltr\" role=\"presentation\">Zadzwo\u0144 do nas i zapytaj kiedy ruszaj\u0105 szkolenia w Twoim regionie.<\/p> <p>Sprawd\u017a r\u00f3wnie\u017c informacje na stronie <a href=\"https:\/\/www.aproxa.pl\/Symetria\/dofinansowania\/\"><strong>Dofinansowania<\/strong><\/a>.<\/p><\/li><li><h4>Czy po zako\u0144czeniu szkolenia otrzymam certyfikat?<\/h4><p>Tak, otrzymasz certyfikat w j\u0119z. polskim i angielskim (honorowany w UE).<\/p><\/li><\/ul>","_links":{"self":[{"href":"https:\/\/www.aproxa.pl\/Symetria\/wp-json\/wp\/v2\/pages\/83","targetHints":{"allow":["GET"]}}],"collection":[{"href":"https:\/\/www.aproxa.pl\/Symetria\/wp-json\/wp\/v2\/pages"}],"about":[{"href":"https:\/\/www.aproxa.pl\/Symetria\/wp-json\/wp\/v2\/types\/page"}],"author":[{"embeddable":true,"href":"https:\/\/www.aproxa.pl\/Symetria\/wp-json\/wp\/v2\/users\/1"}],"replies":[{"embeddable":true,"href":"https:\/\/www.aproxa.pl\/Symetria\/wp-json\/wp\/v2\/comments?post=83"}],"version-history":[{"count":179,"href":"https:\/\/www.aproxa.pl\/Symetria\/wp-json\/wp\/v2\/pages\/83\/revisions"}],"predecessor-version":[{"id":1528,"href":"https:\/\/www.aproxa.pl\/Symetria\/wp-json\/wp\/v2\/pages\/83\/revisions\/1528"}],"wp:attachment":[{"href":"https:\/\/www.aproxa.pl\/Symetria\/wp-json\/wp\/v2\/media?parent=83"}],"curies":[{"name":"wp","href":"https:\/\/api.w.org\/{rel}","templated":true}]}}