{"id":1419,"date":"2026-02-13T16:41:18","date_gmt":"2026-02-13T16:41:18","guid":{"rendered":"https:\/\/www.aproxa.pl\/Symetria\/?post_type=product&#038;p=1419"},"modified":"2026-03-02T21:01:08","modified_gmt":"2026-03-02T21:01:08","slug":"geometria-i-henna-pudrowa","status":"publish","type":"product","link":"https:\/\/www.aproxa.pl\/Symetria\/sklep\/geometria-i-henna-pudrowa\/","title":{"rendered":"Geometria i henna pudrowa"},"content":{"rendered":"<!--themify_builder_content-->\n<div id=\"themify_builder_content-1419\" data-postid=\"1419\" class=\"themify_builder_content themify_builder_content-1419 themify_builder tf_clear\">\n                    <div  data-lazy=\"1\" class=\"module_row themify_builder_row tb_la2x991 tb_first tf_w\">\n                        <div class=\"row_inner col_align_top tb_col_count_1 tf_box tf_rel\">\n                        <div  data-lazy=\"1\" class=\"module_column tb-column col-full tb_68c5991 first\">\n                    <!-- module tab -->\n<div  id=\"tb_tjdh281\" class=\"module ui module-tab tb_tjdh281 minimal  tb_default_color \" data-lazy=\"1\">\n        <div class=\"tab-nav-current-active tf_hide\">\n\t\t<span class=\"tab_burger_icon_wrap\">\n\t        <span class=\"tab_burger_icon tf_rel\"><\/span>\n\t\t<\/span>\n        <span class=\"tb_activetab_title\">\n            <span class=\"tb_tab_title\">Opis szkolenia<\/span>\n                    <\/span>\n    <\/div>\n    <ul class=\"tab-nav tf_clearfix tf_scrollbar\">\n                <li class=\"current\" aria-expanded=\"true\">\n            <a href=\"#tab-tb_tjdh281-0\">\n                                <span class=\"tb_tab_title\">Opis szkolenia<\/span>                                            <\/a>\n        <\/li>\n                <li aria-expanded=\"false\">\n            <a href=\"#tab-tb_tjdh281-1\">\n                                <span class=\"tb_tab_title\">Program szkolenia<\/span>                                            <\/a>\n        <\/li>\n                <li aria-expanded=\"false\">\n            <a href=\"#tab-tb_tjdh281-2\">\n                                <span class=\"tb_tab_title\">Terminy<\/span>                                            <\/a>\n        <\/li>\n                <li aria-expanded=\"false\">\n            <a href=\"#tab-tb_tjdh281-3\">\n                                <span class=\"tb_tab_title\">Prowadz\u0105cy<\/span>                                            <\/a>\n        <\/li>\n            <\/ul>\n            <div data-id=\"tab-tb_tjdh281-0\" class=\"tab-content tf_clear\" aria-hidden=\"false\">\n                    <div  data-lazy=\"1\" class=\"module_subrow themify_builder_sub_row tf_w col_align_top tb_col_count_1 tb_gfql280\">\n                <div  data-lazy=\"1\" class=\"module_column sub_column tb_khvd280 first\">\n                    <!-- module text -->\n<div  class=\"module module-text tb_j4wm280   \" data-lazy=\"1\">\n        <div  class=\"tb_text_wrap\">\n        <h5 class=\"mb-2 mt-4 font-weight-semibold\">Cel edukacyjny<\/h5>\n<p>Uczestnik po zako\u0144czeniu szkolenia b\u0119dzie przygotowany do samodzielnej pracy z klientem pocz\u0105wszy od w\u0142a\u015bciwej<br>kwalifikacji klienta do wykonania zabiegu henny pudrowej, a tak\u017ce b\u0119dzie posiada\u0107 wiedz\u0119 jak poprawnie wykona\u0107<br>rysunek architektury brwi.<\/p>\n<h5 class=\"mb-2 mt-4 font-weight-semibold\">Efekty uczenia si\u0119<\/h5>\n<ul>\n<li>Prawid\u0142owo kwalifikuje klienta do zabiegu henny pudrowej na podstawie wywiadu i swoich obserwacji.<\/li>\n<li>Omawia anatomi\u0119 i fizjologi\u0119 w\u0142osa.<\/li>\n<li>W\u0142a\u015bciwie weryfikuje wskazania i przeciwwskazania do zabiegu.<\/li>\n<li>Odpowiednio dobiera technik\u0119.<\/li>\n<li>Prawid\u0142owo edukuje klienta w zakresie piel\u0119gnacji.<\/li>\n<li>Buduje prawid\u0142owe relacje z klientami.<\/li>\n<\/ul>\n<div class=\"html-content\">\n<h5>Kryteria weryfikacji efekt\u00f3w kszta\u0142cenia<\/h5>\n<ul>\n<li>Prawid\u0142owo rozpoznaje typ urody klientki.<\/li>\n<li>Rozpoznaje potrzeby i oczekiwania klientki w zakresie estetyki.<\/li>\n<li>Odpowiednio dobiera narz\u0119dzia i pigmenty.<\/li>\n<li>Organizuje stanowisko pracy zgodnie z wymogami ergonomii, przepisami bezpiecze\u0144stwa i higieny pracy.<\/li>\n<li>Prawid\u0142owo aplikuje henn\u0119.<\/li>\n<li>Buduje d\u0142ugoterminowe relacje z klientem.<\/li>\n<\/ul>\n<h5>Metoda walidacji<\/h5>\n<p>Obserwacja w warunkach rzeczywistych.<\/p>\n<\/div>    <\/div>\n<\/div>\n<!-- \/module text -->        <\/div>\n                    <\/div>\n                <\/div>\n            <div data-id=\"tab-tb_tjdh281-1\" class=\"tab-content tf_clear\" aria-hidden=\"true\">\n                    <div  data-lazy=\"1\" class=\"module_subrow themify_builder_sub_row tf_w col_align_top tb_col_count_1 tb_93zp280\">\n                <div  data-lazy=\"1\" class=\"module_column sub_column tb_8uxf280 first\">\n                    <!-- module text -->\n<div  class=\"module module-text tb_387b280   \" data-lazy=\"1\">\n        <div  class=\"tb_text_wrap\">\n        <p>Program obejmuje 10 godzin dydaktycznych.<\/p>\n<p><strong>Szkolenie adresowane jest do:<\/strong> studentek na kierunku kosmetologii, kosmetyczek, kosmetolog\u00f3w, os\u00f3b niezwi\u0105zanych z bran\u017c\u0105 beauty chc\u0105cych poszerzy\u0107 wiedz\u0119 z zakresu teorii i aplikacji henny pudrowej.<\/p>\n<p><strong>Uczestnik po zako\u0144czeniu us\u0142ugi przygotowany b\u0119dzie do:<\/strong> samodzielnej kwalifikacji klienta do zabiegu, pracy z henn\u0105 pudrow\u0105 z zastosowaniem aktualnych technik i metod.<\/p>\n<p>Us\u0142uga b\u0119dzie realizowana w formie <strong>wyk\u0142adu, prezentacji<\/strong> oraz <strong>praktycznych \u0107wicze\u0144<\/strong> na modelkach. Ka\u017cdy z uczestnik\u00f3w pracuje na swoim stanowisku (krzes\u0142o\/fotel). Liczba modelek b\u0119dzie adekwatna do potrzeb programu szkolenia. Modelki zapewniane s\u0105 przez organizatora us\u0142ugi. Organizator zapewnia niezb\u0119dne materia\u0142y dydaktyczne tzn \u015brodki jednorazowego u\u017cytku, ochrony, narz\u0119dzia etc.<\/p>\n<p><strong>PROGRAM<\/strong><\/p>\n<p>Cz\u0119\u015b\u0107 1. Kompendium wiedzy &#8211; cz\u0119\u015b\u0107 teoretyczna<\/p>\n<ul>\n<li>om\u00f3wienie anatomii, fizjologii sk\u00f3ry i w\u0142os\u00f3w,<\/li>\n<li>charakterystyka porowato\u015bci w\u0142osa oraz poszczeg\u00f3lnych faz wzrostu w\u0142os\u00f3w,<\/li>\n<li>zasady BHP, aseptyka, jednorazowe \u015brodki do u\u017cytku podczas przeprowadzania zabiegu,<\/li>\n<li>poj\u0119cie henny pudrowej,<\/li>\n<li>zasady dzia\u0142ania henny pudrowej,<\/li>\n<li>om\u00f3wienie karty klienta,<\/li>\n<li>wskazania przeciwskazania do zabiegu henny pudrowej,<\/li>\n<li>kwalifikacja klienta do zabiegu,<\/li>\n<li>produkty niezb\u0119dne do zabiegu henny pudrowej,<\/li>\n<li>pr\u00f3ba uczuleniowa,<\/li>\n<li>r\u00f3\u017cnice pomi\u0119dzy henn\u0105 pudrow\u0105 a farbk\u0105.<\/li>\n<\/ul>\n<p>Cz\u0119\u015b\u0107 2. Pokaz zabiegu wykonywany przez trenera na modelce<\/p>\n<ul>\n<li>przygotowanie sk\u00f3ry do zabiegu,<\/li>\n<li>architektura brwi,<\/li>\n<li>praca z brwiami problematycznymi,<\/li>\n<li>wykonanie henny pudrowej,<\/li>\n<li>regulacja brwi \u2013 p\u0119seta, wosk,<\/li>\n<li>zako\u0144czenie zabiegu (produkty oraz metody wyko\u0144czenia stylizacji brwi, piel\u0119gnacja po zabiegowa),<\/li>\n<li>zalecenia po zabiegowe.<\/li>\n<\/ul>\n<p>Cz\u0119\u015b\u0107 3. Praktyka wykonywanie zabiegu na modelkach.<\/p>\n<ul>\n<li>przygotowanie stanowisk pracy do zabiegu,<\/li>\n<li>wykonanie zabiegu przez kursanta na pierwszej modelce pod okiem trenera<\/li>\n<\/ul>\n<p>Cz\u0119\u015b\u0107 4. Praktyka wykonywanie zabiegu na modelkach.<\/p>\n<ul>\n<li>przygotowanie stanowisk pracy do zabiegu,<\/li>\n<li>wykonanie zabiegu przez kursanta na drugiej modelce pod okiem trenera.<\/li>\n<\/ul>\n<p>Cz\u0119\u015b\u0107 4. Podsumowanie.<\/p>\n<p><strong>Warunki organizacyjno &#8211; logistyczne<\/strong><\/p>\n<p>D\u0142ugo\u015b\u0107 szkolenia &#8211; 10 godzin DYDAKTYCZNYCH<\/p>\n<ul>\n<li>1 godzina dydaktyczna = 45 min,<\/li>\n<li>organizator zapewnia modelki,<\/li>\n<li>uczestnicy szkolenia pracuj\u0105 na 2 modelkach,<\/li>\n<li>wyk\u0142ad i dzia\u0142ania praktyczne w higienicznych i bezpiecznych warunkach pracy.<\/li>\n<\/ul>\n<p>Prosimy o zabranie na szkolenie odzie\u017cy zamiennej (fartuszk\u00f3w &#8211; bluza oraz spodnie) i obuwia zamiennego.<\/p>\n<p>Organizator zapewnia napoje, przek\u0105ski oraz posi\u0142ek w przerwie obiadowej.<\/p>    <\/div>\n<\/div>\n<!-- \/module text -->        <\/div>\n                    <\/div>\n                <\/div>\n            <div data-id=\"tab-tb_tjdh281-2\" class=\"tab-content tf_clear\" aria-hidden=\"true\">\n                    <div  data-lazy=\"1\" class=\"module_subrow themify_builder_sub_row tf_w col_align_top tb_col_count_1 tb_la0q280\">\n                <div  data-lazy=\"1\" class=\"module_column sub_column tb_42gm280 first\">\n                    <!-- module text -->\n<div  class=\"module module-text tb_88dl280   \" data-lazy=\"1\">\n        <div  class=\"tb_text_wrap\">\n        <p>Zadzwo\u0144 i zapytaj o najbli\u017csze terminy. Tel: 690 197 000<\/p>    <\/div>\n<\/div>\n<!-- \/module text -->        <\/div>\n                    <\/div>\n                <\/div>\n            <div data-id=\"tab-tb_tjdh281-3\" class=\"tab-content tf_clear\" aria-hidden=\"true\">\n                    <div  data-lazy=\"1\" class=\"module_subrow themify_builder_sub_row tf_w col_align_middle tb_col_count_2 tb_bwtx280\">\n                <div  data-lazy=\"1\" class=\"module_column sub_column col4-2 tb_jga4280 first\">\n                    <!-- module image -->\n<div  class=\"module module-image tb_mfo0280 image-center circle  tf_mw\" data-lazy=\"1\">\n        <div class=\"image-wrap tf_rel tf_mw\">\n            <img decoding=\"async\" src=\"https:\/\/www.aproxa.pl\/Symetria\/wp-content\/uploads\/2026\/02\/paulina_swiatek-150x150.jpg\" height=\"150\" class=\"wp-post-image wp-image-1446\" title=\"mgr Paulina \u015awi\u0105tek\" alt=\"mgr Paulina \u015awi\u0105tek\" srcset=\"https:\/\/www.aproxa.pl\/Symetria\/wp-content\/uploads\/2026\/02\/paulina_swiatek-150x150.jpg 150w, https:\/\/www.aproxa.pl\/Symetria\/wp-content\/uploads\/2026\/02\/paulina_swiatek-300x300.jpg 300w, https:\/\/www.aproxa.pl\/Symetria\/wp-content\/uploads\/2026\/02\/paulina_swiatek-100x100.jpg 100w, https:\/\/www.aproxa.pl\/Symetria\/wp-content\/uploads\/2026\/02\/paulina_swiatek.jpg 600w\" sizes=\"(max-width: 150px) 100vw, 150px\" \/>    \n        <\/div>\n    <!-- \/image-wrap -->\n    \n        <div class=\"image-content\">\n                    <h3 class=\"image-title\">\n                                    mgr Paulina \u015awi\u0105tek                            <\/h3>\n                    <\/div>\n    <!-- \/image-content -->\n        <\/div>\n<!-- \/module image -->        <\/div>\n                    <div  data-lazy=\"1\" class=\"module_column sub_column col4-2 tb_heup280 last\">\n                    <!-- module text -->\n<div  class=\"module module-text tb_pxf9280   \" data-lazy=\"1\">\n        <div  class=\"tb_text_wrap\">\n        <p>Kosmetolog, absolwentka Krakowskiej Wy\u017cszej Szko\u0142y Promocji Zdrowia oraz Uniwersytetu Jagiello\u0144skiego. Kilkuletnie do\u015bwiadczenie budowa\u0142a na szkoleniach, uczestnictwach w sympozjach oraz pracy z Pacjentami. Jej g\u0142\u00f3wnym za\u0142o\u017ceniem jest holistyczne podej\u015bcie do problemu oraz zaanga\u017cowanie w ca\u0142y proces wsp\u00f3\u0142pracy z lekarzem i Pacjentem.<\/p>\n<p>Specjalizuje si\u0119 w opracowywaniu terapii \u0142\u0105czonych, w tym liftingu bez ig\u0142y i skalpela oraz modelowaniu sylwetki. Stale poszerza swoj\u0105 wiedz\u0119 i umiej\u0119tno\u015bci, aby Pacjenci mogli czu\u0107 si\u0119 bezpiecznie podczas ka\u017cdego zabiegu.<\/p>    <\/div>\n<\/div>\n<!-- \/module text -->        <\/div>\n                    <\/div>\n                <\/div>\n    <\/div>\n<!-- \/module tab -->\n        <\/div>\n                        <\/div>\n        <\/div>\n        <\/div>\n<!--\/themify_builder_content-->","protected":false},"excerpt":{"rendered":"<ul>\n<li aria-level=\"2\">\ud83d\udd52 Czas trwania: 1 dzie\u0144 (10h)<\/li>\n<li>\ud83d\udcc5 Termin: zadzwo\u0144 lub napisz<\/li>\n<li aria-level=\"2\">\ud83d\udccd Lokalizacja: Bibice k. Krakowa<\/li>\n<li aria-level=\"2\">\ud83d\udcdc Certyfikat: Tak (PL\/ENG)<\/li>\n<\/ul>\n","protected":false},"featured_media":1516,"template":"","meta":[],"product_brand":[],"product_cat":[26],"product_tag":[28],"class_list":{"0":"post-1419","1":"product","2":"type-product","3":"status-publish","4":"has-post-thumbnail","6":"product_cat-kosmetologia","7":"product_tag-poczatkujacy","8":"has-post-title","9":"has-post-date","10":"has-post-category","11":"has-post-tag","12":"has-post-comment","13":"has-post-author","14":"","16":"first","17":"instock","18":"virtual","19":"purchasable","20":"product-type-simple"},"builder_content":"<ul><li><h4>Opis szkolenia<\/h4><h5>Cel edukacyjny<\/h5> <p>Uczestnik po zako\u0144czeniu szkolenia b\u0119dzie przygotowany do samodzielnej pracy z klientem pocz\u0105wszy od w\u0142a\u015bciwej<br>kwalifikacji klienta do wykonania zabiegu henny pudrowej, a tak\u017ce b\u0119dzie posiada\u0107 wiedz\u0119 jak poprawnie wykona\u0107<br>rysunek architektury brwi.<\/p> <h5>Efekty uczenia si\u0119<\/h5> <ul> <li>Prawid\u0142owo kwalifikuje klienta do zabiegu henny pudrowej na podstawie wywiadu i swoich obserwacji.<\/li> <li>Omawia anatomi\u0119 i fizjologi\u0119 w\u0142osa.<\/li> <li>W\u0142a\u015bciwie weryfikuje wskazania i przeciwwskazania do zabiegu.<\/li> <li>Odpowiednio dobiera technik\u0119.<\/li> <li>Prawid\u0142owo edukuje klienta w zakresie piel\u0119gnacji.<\/li> <li>Buduje prawid\u0142owe relacje z klientami.<\/li> <\/ul> <h5>Kryteria weryfikacji efekt\u00f3w kszta\u0142cenia<\/h5> <ul> <li>Prawid\u0142owo rozpoznaje typ urody klientki.<\/li> <li>Rozpoznaje potrzeby i oczekiwania klientki w zakresie estetyki.<\/li> <li>Odpowiednio dobiera narz\u0119dzia i pigmenty.<\/li> <li>Organizuje stanowisko pracy zgodnie z wymogami ergonomii, przepisami bezpiecze\u0144stwa i higieny pracy.<\/li> <li>Prawid\u0142owo aplikuje henn\u0119.<\/li> <li>Buduje d\u0142ugoterminowe relacje z klientem.<\/li> <\/ul> <h5>Metoda walidacji<\/h5> <p>Obserwacja w warunkach rzeczywistych.<\/p><\/li><li><h4>Program szkolenia<\/h4><p>Program obejmuje 10 godzin dydaktycznych.<\/p> <p><strong>Szkolenie adresowane jest do:<\/strong> studentek na kierunku kosmetologii, kosmetyczek, kosmetolog\u00f3w, os\u00f3b niezwi\u0105zanych z bran\u017c\u0105 beauty chc\u0105cych poszerzy\u0107 wiedz\u0119 z zakresu teorii i aplikacji henny pudrowej.<\/p> <p><strong>Uczestnik po zako\u0144czeniu us\u0142ugi przygotowany b\u0119dzie do:<\/strong> samodzielnej kwalifikacji klienta do zabiegu, pracy z henn\u0105 pudrow\u0105 z zastosowaniem aktualnych technik i metod.<\/p> <p>Us\u0142uga b\u0119dzie realizowana w formie <strong>wyk\u0142adu, prezentacji<\/strong> oraz <strong>praktycznych \u0107wicze\u0144<\/strong> na modelkach. Ka\u017cdy z uczestnik\u00f3w pracuje na swoim stanowisku (krzes\u0142o\/fotel). Liczba modelek b\u0119dzie adekwatna do potrzeb programu szkolenia. Modelki zapewniane s\u0105 przez organizatora us\u0142ugi. Organizator zapewnia niezb\u0119dne materia\u0142y dydaktyczne tzn \u015brodki jednorazowego u\u017cytku, ochrony, narz\u0119dzia etc.<\/p> <p><strong>PROGRAM<\/strong><\/p> <p>Cz\u0119\u015b\u0107 1. Kompendium wiedzy - cz\u0119\u015b\u0107 teoretyczna<\/p> <ul> <li>om\u00f3wienie anatomii, fizjologii sk\u00f3ry i w\u0142os\u00f3w,<\/li> <li>charakterystyka porowato\u015bci w\u0142osa oraz poszczeg\u00f3lnych faz wzrostu w\u0142os\u00f3w,<\/li> <li>zasady BHP, aseptyka, jednorazowe \u015brodki do u\u017cytku podczas przeprowadzania zabiegu,<\/li> <li>poj\u0119cie henny pudrowej,<\/li> <li>zasady dzia\u0142ania henny pudrowej,<\/li> <li>om\u00f3wienie karty klienta,<\/li> <li>wskazania przeciwskazania do zabiegu henny pudrowej,<\/li> <li>kwalifikacja klienta do zabiegu,<\/li> <li>produkty niezb\u0119dne do zabiegu henny pudrowej,<\/li> <li>pr\u00f3ba uczuleniowa,<\/li> <li>r\u00f3\u017cnice pomi\u0119dzy henn\u0105 pudrow\u0105 a farbk\u0105.<\/li> <\/ul> <p>Cz\u0119\u015b\u0107 2. Pokaz zabiegu wykonywany przez trenera na modelce<\/p> <ul> <li>przygotowanie sk\u00f3ry do zabiegu,<\/li> <li>architektura brwi,<\/li> <li>praca z brwiami problematycznymi,<\/li> <li>wykonanie henny pudrowej,<\/li> <li>regulacja brwi \u2013 p\u0119seta, wosk,<\/li> <li>zako\u0144czenie zabiegu (produkty oraz metody wyko\u0144czenia stylizacji brwi, piel\u0119gnacja po zabiegowa),<\/li> <li>zalecenia po zabiegowe.<\/li> <\/ul> <p>Cz\u0119\u015b\u0107 3. Praktyka wykonywanie zabiegu na modelkach.<\/p> <ul> <li>przygotowanie stanowisk pracy do zabiegu,<\/li> <li>wykonanie zabiegu przez kursanta na pierwszej modelce pod okiem trenera<\/li> <\/ul> <p>Cz\u0119\u015b\u0107 4. Praktyka wykonywanie zabiegu na modelkach.<\/p> <ul> <li>przygotowanie stanowisk pracy do zabiegu,<\/li> <li>wykonanie zabiegu przez kursanta na drugiej modelce pod okiem trenera.<\/li> <\/ul> <p>Cz\u0119\u015b\u0107 4. Podsumowanie.<\/p> <p><strong>Warunki organizacyjno - logistyczne<\/strong><\/p> <p>D\u0142ugo\u015b\u0107 szkolenia - 10 godzin DYDAKTYCZNYCH<\/p> <ul> <li>1 godzina dydaktyczna = 45 min,<\/li> <li>organizator zapewnia modelki,<\/li> <li>uczestnicy szkolenia pracuj\u0105 na 2 modelkach,<\/li> <li>wyk\u0142ad i dzia\u0142ania praktyczne w higienicznych i bezpiecznych warunkach pracy.<\/li> <\/ul> <p>Prosimy o zabranie na szkolenie odzie\u017cy zamiennej (fartuszk\u00f3w - bluza oraz spodnie) i obuwia zamiennego.<\/p> <p>Organizator zapewnia napoje, przek\u0105ski oraz posi\u0142ek w przerwie obiadowej.<\/p><\/li><li><h4>Terminy<\/h4><p>Zadzwo\u0144 i zapytaj o najbli\u017csze terminy. Tel: 690 197 000<\/p><\/li><li><h4>Prowadz\u0105cy<\/h4><img src=\"https:\/\/www.aproxa.pl\/Symetria\/wp-content\/uploads\/2026\/02\/paulina_swiatek-150x150.jpg\" height=\"150\" title=\"mgr Paulina \u015awi\u0105tek\" alt=\"mgr Paulina \u015awi\u0105tek\" srcset=\"https:\/\/www.aproxa.pl\/Symetria\/wp-content\/uploads\/2026\/02\/paulina_swiatek-150x150.jpg 150w, https:\/\/www.aproxa.pl\/Symetria\/wp-content\/uploads\/2026\/02\/paulina_swiatek-300x300.jpg 300w, https:\/\/www.aproxa.pl\/Symetria\/wp-content\/uploads\/2026\/02\/paulina_swiatek-100x100.jpg 100w, https:\/\/www.aproxa.pl\/Symetria\/wp-content\/uploads\/2026\/02\/paulina_swiatek.jpg 600w\" sizes=\"(max-width: 150px) 100vw, 150px\" \/> <h3> mgr Paulina \u015awi\u0105tek <\/h3> <p>Kosmetolog, absolwentka Krakowskiej Wy\u017cszej Szko\u0142y Promocji Zdrowia oraz Uniwersytetu Jagiello\u0144skiego. Kilkuletnie do\u015bwiadczenie budowa\u0142a na szkoleniach, uczestnictwach w sympozjach oraz pracy z Pacjentami. Jej g\u0142\u00f3wnym za\u0142o\u017ceniem jest holistyczne podej\u015bcie do problemu oraz zaanga\u017cowanie w ca\u0142y proces wsp\u00f3\u0142pracy z lekarzem i Pacjentem.<\/p> <p>Specjalizuje si\u0119 w opracowywaniu terapii \u0142\u0105czonych, w tym liftingu bez ig\u0142y i skalpela oraz modelowaniu sylwetki. Stale poszerza swoj\u0105 wiedz\u0119 i umiej\u0119tno\u015bci, aby Pacjenci mogli czu\u0107 si\u0119 bezpiecznie podczas ka\u017cdego zabiegu.<\/p><\/li><\/ul>\n<h5>Cel edukacyjny<\/h5> <p>Uczestnik po zako\u0144czeniu szkolenia b\u0119dzie przygotowany do samodzielnej pracy z klientem pocz\u0105wszy od w\u0142a\u015bciwej<br>kwalifikacji klienta do wykonania zabiegu henny pudrowej, a tak\u017ce b\u0119dzie posiada\u0107 wiedz\u0119 jak poprawnie wykona\u0107<br>rysunek architektury brwi.<\/p> <h5>Efekty uczenia si\u0119<\/h5> <ul> <li>Prawid\u0142owo kwalifikuje klienta do zabiegu henny pudrowej na podstawie wywiadu i swoich obserwacji.<\/li> <li>Omawia anatomi\u0119 i fizjologi\u0119 w\u0142osa.<\/li> <li>W\u0142a\u015bciwie weryfikuje wskazania i przeciwwskazania do zabiegu.<\/li> <li>Odpowiednio dobiera technik\u0119.<\/li> <li>Prawid\u0142owo edukuje klienta w zakresie piel\u0119gnacji.<\/li> <li>Buduje prawid\u0142owe relacje z klientami.<\/li> <\/ul>\n<h5>Kryteria weryfikacji efekt\u00f3w kszta\u0142cenia<\/h5> <ul> <li>Prawid\u0142owo rozpoznaje typ urody klientki.<\/li> <li>Rozpoznaje potrzeby i oczekiwania klientki w zakresie estetyki.<\/li> <li>Odpowiednio dobiera narz\u0119dzia i pigmenty.<\/li> <li>Organizuje stanowisko pracy zgodnie z wymogami ergonomii, przepisami bezpiecze\u0144stwa i higieny pracy.<\/li> <li>Prawid\u0142owo aplikuje henn\u0119.<\/li> <li>Buduje d\u0142ugoterminowe relacje z klientem.<\/li> <\/ul> <h5>Metoda walidacji<\/h5> <p>Obserwacja w warunkach rzeczywistych.<\/p>\n<p>Program obejmuje 10 godzin dydaktycznych.<\/p> <p><strong>Szkolenie adresowane jest do:<\/strong> studentek na kierunku kosmetologii, kosmetyczek, kosmetolog\u00f3w, os\u00f3b niezwi\u0105zanych z bran\u017c\u0105 beauty chc\u0105cych poszerzy\u0107 wiedz\u0119 z zakresu teorii i aplikacji henny pudrowej.<\/p> <p><strong>Uczestnik po zako\u0144czeniu us\u0142ugi przygotowany b\u0119dzie do:<\/strong> samodzielnej kwalifikacji klienta do zabiegu, pracy z henn\u0105 pudrow\u0105 z zastosowaniem aktualnych technik i metod.<\/p> <p>Us\u0142uga b\u0119dzie realizowana w formie <strong>wyk\u0142adu, prezentacji<\/strong> oraz <strong>praktycznych \u0107wicze\u0144<\/strong> na modelkach. Ka\u017cdy z uczestnik\u00f3w pracuje na swoim stanowisku (krzes\u0142o\/fotel). Liczba modelek b\u0119dzie adekwatna do potrzeb programu szkolenia. Modelki zapewniane s\u0105 przez organizatora us\u0142ugi. Organizator zapewnia niezb\u0119dne materia\u0142y dydaktyczne tzn \u015brodki jednorazowego u\u017cytku, ochrony, narz\u0119dzia etc.<\/p> <p><strong>PROGRAM<\/strong><\/p> <p>Cz\u0119\u015b\u0107 1. Kompendium wiedzy - cz\u0119\u015b\u0107 teoretyczna<\/p> <ul> <li>om\u00f3wienie anatomii, fizjologii sk\u00f3ry i w\u0142os\u00f3w,<\/li> <li>charakterystyka porowato\u015bci w\u0142osa oraz poszczeg\u00f3lnych faz wzrostu w\u0142os\u00f3w,<\/li> <li>zasady BHP, aseptyka, jednorazowe \u015brodki do u\u017cytku podczas przeprowadzania zabiegu,<\/li> <li>poj\u0119cie henny pudrowej,<\/li> <li>zasady dzia\u0142ania henny pudrowej,<\/li> <li>om\u00f3wienie karty klienta,<\/li> <li>wskazania przeciwskazania do zabiegu henny pudrowej,<\/li> <li>kwalifikacja klienta do zabiegu,<\/li> <li>produkty niezb\u0119dne do zabiegu henny pudrowej,<\/li> <li>pr\u00f3ba uczuleniowa,<\/li> <li>r\u00f3\u017cnice pomi\u0119dzy henn\u0105 pudrow\u0105 a farbk\u0105.<\/li> <\/ul> <p>Cz\u0119\u015b\u0107 2. Pokaz zabiegu wykonywany przez trenera na modelce<\/p> <ul> <li>przygotowanie sk\u00f3ry do zabiegu,<\/li> <li>architektura brwi,<\/li> <li>praca z brwiami problematycznymi,<\/li> <li>wykonanie henny pudrowej,<\/li> <li>regulacja brwi \u2013 p\u0119seta, wosk,<\/li> <li>zako\u0144czenie zabiegu (produkty oraz metody wyko\u0144czenia stylizacji brwi, piel\u0119gnacja po zabiegowa),<\/li> <li>zalecenia po zabiegowe.<\/li> <\/ul> <p>Cz\u0119\u015b\u0107 3. Praktyka wykonywanie zabiegu na modelkach.<\/p> <ul> <li>przygotowanie stanowisk pracy do zabiegu,<\/li> <li>wykonanie zabiegu przez kursanta na pierwszej modelce pod okiem trenera<\/li> <\/ul> <p>Cz\u0119\u015b\u0107 4. Praktyka wykonywanie zabiegu na modelkach.<\/p> <ul> <li>przygotowanie stanowisk pracy do zabiegu,<\/li> <li>wykonanie zabiegu przez kursanta na drugiej modelce pod okiem trenera.<\/li> <\/ul> <p>Cz\u0119\u015b\u0107 4. Podsumowanie.<\/p> <p><strong>Warunki organizacyjno - logistyczne<\/strong><\/p> <p>D\u0142ugo\u015b\u0107 szkolenia - 10 godzin DYDAKTYCZNYCH<\/p> <ul> <li>1 godzina dydaktyczna = 45 min,<\/li> <li>organizator zapewnia modelki,<\/li> <li>uczestnicy szkolenia pracuj\u0105 na 2 modelkach,<\/li> <li>wyk\u0142ad i dzia\u0142ania praktyczne w higienicznych i bezpiecznych warunkach pracy.<\/li> <\/ul> <p>Prosimy o zabranie na szkolenie odzie\u017cy zamiennej (fartuszk\u00f3w - bluza oraz spodnie) i obuwia zamiennego.<\/p> <p>Organizator zapewnia napoje, przek\u0105ski oraz posi\u0142ek w przerwie obiadowej.<\/p>\n<p>Zadzwo\u0144 i zapytaj o najbli\u017csze terminy. Tel: 690 197 000<\/p>\n<img src=\"https:\/\/www.aproxa.pl\/Symetria\/wp-content\/uploads\/2026\/02\/paulina_swiatek-150x150.jpg\" height=\"150\" title=\"mgr Paulina \u015awi\u0105tek\" alt=\"mgr Paulina \u015awi\u0105tek\" srcset=\"https:\/\/www.aproxa.pl\/Symetria\/wp-content\/uploads\/2026\/02\/paulina_swiatek-150x150.jpg 150w, https:\/\/www.aproxa.pl\/Symetria\/wp-content\/uploads\/2026\/02\/paulina_swiatek-300x300.jpg 300w, https:\/\/www.aproxa.pl\/Symetria\/wp-content\/uploads\/2026\/02\/paulina_swiatek-100x100.jpg 100w, https:\/\/www.aproxa.pl\/Symetria\/wp-content\/uploads\/2026\/02\/paulina_swiatek.jpg 600w\" sizes=\"(max-width: 150px) 100vw, 150px\" \/> <h3> mgr Paulina \u015awi\u0105tek <\/h3>\n<p>Kosmetolog, absolwentka Krakowskiej Wy\u017cszej Szko\u0142y Promocji Zdrowia oraz Uniwersytetu Jagiello\u0144skiego. Kilkuletnie do\u015bwiadczenie budowa\u0142a na szkoleniach, uczestnictwach w sympozjach oraz pracy z Pacjentami. Jej g\u0142\u00f3wnym za\u0142o\u017ceniem jest holistyczne podej\u015bcie do problemu oraz zaanga\u017cowanie w ca\u0142y proces wsp\u00f3\u0142pracy z lekarzem i Pacjentem.<\/p> <p>Specjalizuje si\u0119 w opracowywaniu terapii \u0142\u0105czonych, w tym liftingu bez ig\u0142y i skalpela oraz modelowaniu sylwetki. Stale poszerza swoj\u0105 wiedz\u0119 i umiej\u0119tno\u015bci, aby Pacjenci mogli czu\u0107 si\u0119 bezpiecznie podczas ka\u017cdego zabiegu.<\/p>","_links":{"self":[{"href":"https:\/\/www.aproxa.pl\/Symetria\/wp-json\/wp\/v2\/product\/1419","targetHints":{"allow":["GET"]}}],"collection":[{"href":"https:\/\/www.aproxa.pl\/Symetria\/wp-json\/wp\/v2\/product"}],"about":[{"href":"https:\/\/www.aproxa.pl\/Symetria\/wp-json\/wp\/v2\/types\/product"}],"wp:featuredmedia":[{"embeddable":true,"href":"https:\/\/www.aproxa.pl\/Symetria\/wp-json\/wp\/v2\/media\/1516"}],"wp:attachment":[{"href":"https:\/\/www.aproxa.pl\/Symetria\/wp-json\/wp\/v2\/media?parent=1419"}],"wp:term":[{"taxonomy":"product_brand","embeddable":true,"href":"https:\/\/www.aproxa.pl\/Symetria\/wp-json\/wp\/v2\/product_brand?post=1419"},{"taxonomy":"product_cat","embeddable":true,"href":"https:\/\/www.aproxa.pl\/Symetria\/wp-json\/wp\/v2\/product_cat?post=1419"},{"taxonomy":"product_tag","embeddable":true,"href":"https:\/\/www.aproxa.pl\/Symetria\/wp-json\/wp\/v2\/product_tag?post=1419"}],"curies":[{"name":"wp","href":"https:\/\/api.w.org\/{rel}","templated":true}]}}