{"id":1421,"date":"2026-02-13T17:09:01","date_gmt":"2026-02-13T17:09:01","guid":{"rendered":"https:\/\/www.aproxa.pl\/Symetria\/?post_type=product&#038;p=1421"},"modified":"2026-03-02T21:00:36","modified_gmt":"2026-03-02T21:00:36","slug":"laminacja-rzes-i-brwi","status":"publish","type":"product","link":"https:\/\/www.aproxa.pl\/Symetria\/sklep\/laminacja-rzes-i-brwi\/","title":{"rendered":"Laminacja rz\u0119s i brwi"},"content":{"rendered":"<!--themify_builder_content-->\n<div id=\"themify_builder_content-1421\" data-postid=\"1421\" class=\"themify_builder_content themify_builder_content-1421 themify_builder tf_clear\">\n                    <div  data-lazy=\"1\" class=\"module_row themify_builder_row tb_dwmt712 tb_first tf_w\">\n                        <div class=\"row_inner col_align_top tb_col_count_1 tf_box tf_rel\">\n                        <div  data-lazy=\"1\" class=\"module_column tb-column col-full tb_chan712 first\">\n                    <!-- module tab -->\n<div  id=\"tb_t5wj330\" class=\"module ui module-tab tb_t5wj330 minimal  tb_default_color \" data-lazy=\"1\">\n        <div class=\"tab-nav-current-active tf_hide\">\n\t\t<span class=\"tab_burger_icon_wrap\">\n\t        <span class=\"tab_burger_icon tf_rel\"><\/span>\n\t\t<\/span>\n        <span class=\"tb_activetab_title\">\n            <span class=\"tb_tab_title\">Opis szkolenia<\/span>\n                    <\/span>\n    <\/div>\n    <ul class=\"tab-nav tf_clearfix tf_scrollbar\">\n                <li class=\"current\" aria-expanded=\"true\">\n            <a href=\"#tab-tb_t5wj330-0\">\n                                <span class=\"tb_tab_title\">Opis szkolenia<\/span>                                            <\/a>\n        <\/li>\n                <li aria-expanded=\"false\">\n            <a href=\"#tab-tb_t5wj330-1\">\n                                <span class=\"tb_tab_title\">Program szkolenia<\/span>                                            <\/a>\n        <\/li>\n                <li aria-expanded=\"false\">\n            <a href=\"#tab-tb_t5wj330-2\">\n                                <span class=\"tb_tab_title\">Terminy<\/span>                                            <\/a>\n        <\/li>\n                <li aria-expanded=\"false\">\n            <a href=\"#tab-tb_t5wj330-3\">\n                                <span class=\"tb_tab_title\">Prowadz\u0105cy<\/span>                                            <\/a>\n        <\/li>\n            <\/ul>\n            <div data-id=\"tab-tb_t5wj330-0\" class=\"tab-content tf_clear\" aria-hidden=\"false\">\n                    <div  data-lazy=\"1\" class=\"module_subrow themify_builder_sub_row tf_w col_align_top tb_col_count_1 tb_u96o329\">\n                <div  data-lazy=\"1\" class=\"module_column sub_column tb_orqu329 first\">\n                    <!-- module text -->\n<div  class=\"module module-text tb_k0aa329   \" data-lazy=\"1\">\n        <div  class=\"tb_text_wrap\">\n        <h5 class=\"mb-2 mt-4 font-weight-semibold\">Cel edukacyjny<\/h5>\n<p>Uczestnik po zako\u0144czeniu us\u0142ugi przygotowany b\u0119dzie do samodzielnej pracy w zakresie wykonywania laminacji rz\u0119s i brwi.<\/p>\n<h5 class=\"mb-2 mt-4 font-weight-semibold\">Efekty uczenia si\u0119<\/h5>\n<ul>\n<li>Przestrzega zasad BHP.<\/li>\n<li>Prawid\u0142owo przygotowuje klienta do zabiegu.<\/li>\n<li>Przeprowadza wywiad podmiotowy z klientem.<\/li>\n<li>Stosuje algorytm post\u0119powania podczas zabiegu.<\/li>\n<li>Prawid\u0142owo wykonuje laminacj\u0119 brwi i rz\u0119s.<\/li>\n<li>Prawid\u0142owo edukuje klient\u00f3w z zakresu post\u0119powania przed i pozabiegowego.<\/li>\n<li>Prawid\u0142owo dokumentuje wykonanie zabiegu.<\/li>\n<\/ul>\n<div class=\"html-content\">\n<h5>Kryteria weryfikacji efekt\u00f3w kszta\u0142cenia<\/h5>\n<ul>\n<li>R\u00f3\u017cnicuje d\u0142ugo\u015bci rz\u0119s i brwi oraz odpowiednio dobiera preparaty i materia\u0142y zabiegowe.<\/li>\n<li>Omawia sk\u0142ady chemiczne preparat\u00f3w wykorzystywanych w zabiegach.<\/li>\n<li>Omawia narz\u0119dzia wykorzystywane w zabiegach laminacji.<\/li>\n<li>Omawia przeciwskazania do zabieg\u00f3w laminacji brwi i rz\u0119s.<\/li>\n<\/ul>\n<h5>Spos\u00f3b weryfikacji efekt\u00f3w uczenia si\u0119<\/h5>\n<p>Wiedza i umiej\u0119tno\u015b\u0107 kursanta sprawdzane s\u0105 na bie\u017c\u0105co przez trenera w trakcie realizacji programu szkolenia na odpowiednio dobranych tematycznie do zaj\u0119\u0107 modelach.<\/p>\n<\/div>    <\/div>\n<\/div>\n<!-- \/module text -->        <\/div>\n                    <\/div>\n                <\/div>\n            <div data-id=\"tab-tb_t5wj330-1\" class=\"tab-content tf_clear\" aria-hidden=\"true\">\n                    <div  data-lazy=\"1\" class=\"module_subrow themify_builder_sub_row tf_w col_align_top tb_col_count_1 tb_dvip329\">\n                <div  data-lazy=\"1\" class=\"module_column sub_column tb_nk0y329 first\">\n                    <!-- module text -->\n<div  class=\"module module-text tb_19hu329   \" data-lazy=\"1\">\n        <div  class=\"tb_text_wrap\">\n        <p>Program obejmuje 10 godzin dydaktycznych<\/p>\n<p><strong>Szkolenie adresowane jest do:<\/strong> kosmetyczek, fryzjer\u00f3w, kosmetolog\u00f3w, stylistek paznokci.<\/p>\n<p><strong>Uczestnik po zako\u0144czeniu us\u0142ugi przygotowany b\u0119dzie do:<\/strong> samodzielnej pracy w zakresie wykonywania laminacji rz\u0119s i brwi.<\/p>\n<p>Us\u0142uga b\u0119dzie realizowana w formie <strong>wyk\u0142adu<\/strong> oraz <strong>praktycznych \u0107wicze\u0144<\/strong> na modelkach. Uczestnicy pracuj\u0105 w parach przy stanowisku (fotel kosmetyczny, lampa, stolik pomocnik, akcesoria i kosmetyki do zabiegu). Liczba modelek b\u0119dzie adekwatna do potrzeb programu szkolenia. Modelki zapewniane s\u0105 przez organizatora us\u0142ugi. Organizator zapewnia niezb\u0119dne materia\u0142y dydaktyczne tzn. \u015brodki jednorazowego u\u017cytku, ochrony, narz\u0119dzia etc.<\/p>\n<p><strong>PROGRAM<\/strong><\/p>\n<p>Cz\u0119\u015b\u0107 1 &#8211; teoria<\/p>\n<ul>\n<li>Om\u00f3wienie cyklu \u017cycia rz\u0119sy.<\/li>\n<li>Alergie i podra\u017cnienia.<\/li>\n<li>Przeciwwskazania w zabiegach laminacji.<\/li>\n<li>Praca z klejem &#8211; om\u00f3wienie zasad post\u0119powania.<\/li>\n<li>Charakterystyka produkt\u00f3w wykorzystywanych do laminacji.<\/li>\n<li>Zasady poprawnej stylizacji.<\/li>\n<li>Om\u00f3wienie wizyty.<\/li>\n<li>Om\u00f3wienie trudnych przypadk\u00f3w.<\/li>\n<\/ul>\n<p>Cz\u0119\u015b\u0107 2<\/p>\n<ul>\n<li>Przygotowanie stanowiska pracy.<\/li>\n<li>Pokaz zabiegu przez szkoleniowca.<\/li>\n<\/ul>\n<p>Cz\u0119\u015b\u0107 3<\/p>\n<ul>\n<li>Przygotowanie stanowisk pracy i praca na modelkach.<\/li>\n<\/ul>\n<p><strong>Warunki organizacyjno \u2013 logistyczne<\/strong><\/p>\n<p>D\u0142ugo\u015b\u0107 szkolenia \u2013 10 godzin DYDAKTYCZNYCH<\/p>\n<ul>\n<li>1 godzina dydaktyczna = 45 min,<\/li>\n<li>organizator zapewnia modelki,<\/li>\n<li>uczestnicy szkolenia pracuj\u0105 na sobie,<\/li>\n<li>wyk\u0142ad i dzia\u0142ania praktyczne w higienicznych i bezpiecznych warunkach pracy.<\/li>\n<\/ul>\n<p>Prosimy o zabranie na szkolenie odzie\u017cy zamiennej (fartuszk\u00f3w \u2013 bluza oraz spodnie) i obuwia zamiennego.<\/p>    <\/div>\n<\/div>\n<!-- \/module text -->        <\/div>\n                    <\/div>\n                <\/div>\n            <div data-id=\"tab-tb_t5wj330-2\" class=\"tab-content tf_clear\" aria-hidden=\"true\">\n                    <div  data-lazy=\"1\" class=\"module_subrow themify_builder_sub_row tf_w col_align_top tb_col_count_1 tb_qnp9329\">\n                <div  data-lazy=\"1\" class=\"module_column sub_column tb_kqc7329 first\">\n                    <!-- module text -->\n<div  class=\"module module-text tb_ud9r329   \" data-lazy=\"1\">\n        <div  class=\"tb_text_wrap\">\n        <p>Zadzwo\u0144 i zapytaj o najbli\u017csze terminy. Tel: 690 197 000<\/p>    <\/div>\n<\/div>\n<!-- \/module text -->        <\/div>\n                    <\/div>\n                <\/div>\n            <div data-id=\"tab-tb_t5wj330-3\" class=\"tab-content tf_clear\" aria-hidden=\"true\">\n                    <div  data-lazy=\"1\" class=\"module_subrow themify_builder_sub_row tf_w col_align_middle tb_col_count_2 tb_x740329\">\n                <div  data-lazy=\"1\" class=\"module_column sub_column col4-2 tb_60u3329 first\">\n                    <!-- module image -->\n<div  class=\"module module-image tb_yf5o329 image-center circle  tf_mw\" data-lazy=\"1\">\n        <div class=\"image-wrap tf_rel tf_mw\">\n            <img decoding=\"async\" src=\"https:\/\/www.aproxa.pl\/Symetria\/wp-content\/uploads\/2026\/02\/paulina_swiatek-150x150.jpg\" height=\"150\" class=\"wp-post-image wp-image-1446\" title=\"mgr Paulina \u015awi\u0105tek\" alt=\"mgr Paulina \u015awi\u0105tek\" srcset=\"https:\/\/www.aproxa.pl\/Symetria\/wp-content\/uploads\/2026\/02\/paulina_swiatek-150x150.jpg 150w, https:\/\/www.aproxa.pl\/Symetria\/wp-content\/uploads\/2026\/02\/paulina_swiatek-300x300.jpg 300w, https:\/\/www.aproxa.pl\/Symetria\/wp-content\/uploads\/2026\/02\/paulina_swiatek-100x100.jpg 100w, https:\/\/www.aproxa.pl\/Symetria\/wp-content\/uploads\/2026\/02\/paulina_swiatek.jpg 600w\" sizes=\"(max-width: 150px) 100vw, 150px\" \/>    \n        <\/div>\n    <!-- \/image-wrap -->\n    \n        <div class=\"image-content\">\n                    <h3 class=\"image-title\">\n                                    mgr Paulina \u015awi\u0105tek                            <\/h3>\n                    <\/div>\n    <!-- \/image-content -->\n        <\/div>\n<!-- \/module image -->        <\/div>\n                    <div  data-lazy=\"1\" class=\"module_column sub_column col4-2 tb_adm9329 last\">\n                    <!-- module text -->\n<div  class=\"module module-text tb_fp0n329   \" data-lazy=\"1\">\n        <div  class=\"tb_text_wrap\">\n        <p>Kosmetolog, absolwentka Krakowskiej Wy\u017cszej Szko\u0142y Promocji Zdrowia oraz Uniwersytetu Jagiello\u0144skiego. Kilkuletnie do\u015bwiadczenie budowa\u0142a na szkoleniach, uczestnictwach w sympozjach oraz pracy z Pacjentami. Jej g\u0142\u00f3wnym za\u0142o\u017ceniem jest holistyczne podej\u015bcie do problemu oraz zaanga\u017cowanie w ca\u0142y proces wsp\u00f3\u0142pracy z lekarzem i Pacjentem.<\/p>\n<p>Specjalizuje si\u0119 w opracowywaniu terapii \u0142\u0105czonych, w tym liftingu bez ig\u0142y i skalpela oraz modelowaniu sylwetki. Stale poszerza swoj\u0105 wiedz\u0119 i umiej\u0119tno\u015bci, aby Pacjenci mogli czu\u0107 si\u0119 bezpiecznie podczas ka\u017cdego zabiegu.<\/p>    <\/div>\n<\/div>\n<!-- \/module text -->        <\/div>\n                    <\/div>\n                <\/div>\n    <\/div>\n<!-- \/module tab -->\n        <\/div>\n                        <\/div>\n        <\/div>\n        <\/div>\n<!--\/themify_builder_content-->","protected":false},"excerpt":{"rendered":"<ul>\n<li aria-level=\"2\">\ud83d\udd52 Czas trwania: 1 dzie\u0144 (10h)<\/li>\n<li>\ud83d\udcc5 Termin: zadzwo\u0144 lub napisz<\/li>\n<li aria-level=\"2\">\ud83d\udccd Lokalizacja: Bibice k. Krakowa<\/li>\n<li aria-level=\"2\">\ud83d\udcdc Certyfikat: Tak (PL\/ENG)<\/li>\n<\/ul>\n","protected":false},"featured_media":1516,"template":"","meta":[],"product_brand":[],"product_cat":[26],"product_tag":[28],"class_list":{"0":"post-1421","1":"product","2":"type-product","3":"status-publish","4":"has-post-thumbnail","6":"product_cat-kosmetologia","7":"product_tag-poczatkujacy","8":"has-post-title","9":"has-post-date","10":"has-post-category","11":"has-post-tag","12":"has-post-comment","13":"has-post-author","14":"","16":"first","17":"instock","18":"virtual","19":"purchasable","20":"product-type-simple"},"builder_content":"<ul><li><h4>Opis szkolenia<\/h4><h5>Cel edukacyjny<\/h5> <p>Uczestnik po zako\u0144czeniu us\u0142ugi przygotowany b\u0119dzie do samodzielnej pracy w zakresie wykonywania laminacji rz\u0119s i brwi.<\/p> <h5>Efekty uczenia si\u0119<\/h5> <ul> <li>Przestrzega zasad BHP.<\/li> <li>Prawid\u0142owo przygotowuje klienta do zabiegu.<\/li> <li>Przeprowadza wywiad podmiotowy z klientem.<\/li> <li>Stosuje algorytm post\u0119powania podczas zabiegu.<\/li> <li>Prawid\u0142owo wykonuje laminacj\u0119 brwi i rz\u0119s.<\/li> <li>Prawid\u0142owo edukuje klient\u00f3w z zakresu post\u0119powania przed i pozabiegowego.<\/li> <li>Prawid\u0142owo dokumentuje wykonanie zabiegu.<\/li> <\/ul> <h5>Kryteria weryfikacji efekt\u00f3w kszta\u0142cenia<\/h5> <ul> <li>R\u00f3\u017cnicuje d\u0142ugo\u015bci rz\u0119s i brwi oraz odpowiednio dobiera preparaty i materia\u0142y zabiegowe.<\/li> <li>Omawia sk\u0142ady chemiczne preparat\u00f3w wykorzystywanych w zabiegach.<\/li> <li>Omawia narz\u0119dzia wykorzystywane w zabiegach laminacji.<\/li> <li>Omawia przeciwskazania do zabieg\u00f3w laminacji brwi i rz\u0119s.<\/li> <\/ul> <h5>Spos\u00f3b weryfikacji efekt\u00f3w uczenia si\u0119<\/h5> <p>Wiedza i umiej\u0119tno\u015b\u0107 kursanta sprawdzane s\u0105 na bie\u017c\u0105co przez trenera w trakcie realizacji programu szkolenia na odpowiednio dobranych tematycznie do zaj\u0119\u0107 modelach.<\/p><\/li><li><h4>Program szkolenia<\/h4><p>Program obejmuje 10 godzin dydaktycznych<\/p> <p><strong>Szkolenie adresowane jest do:<\/strong> kosmetyczek, fryzjer\u00f3w, kosmetolog\u00f3w, stylistek paznokci.<\/p> <p><strong>Uczestnik po zako\u0144czeniu us\u0142ugi przygotowany b\u0119dzie do:<\/strong> samodzielnej pracy w zakresie wykonywania laminacji rz\u0119s i brwi.<\/p> <p>Us\u0142uga b\u0119dzie realizowana w formie <strong>wyk\u0142adu<\/strong> oraz <strong>praktycznych \u0107wicze\u0144<\/strong> na modelkach. Uczestnicy pracuj\u0105 w parach przy stanowisku (fotel kosmetyczny, lampa, stolik pomocnik, akcesoria i kosmetyki do zabiegu). Liczba modelek b\u0119dzie adekwatna do potrzeb programu szkolenia. Modelki zapewniane s\u0105 przez organizatora us\u0142ugi. Organizator zapewnia niezb\u0119dne materia\u0142y dydaktyczne tzn. \u015brodki jednorazowego u\u017cytku, ochrony, narz\u0119dzia etc.<\/p> <p><strong>PROGRAM<\/strong><\/p> <p>Cz\u0119\u015b\u0107 1 - teoria<\/p> <ul> <li>Om\u00f3wienie cyklu \u017cycia rz\u0119sy.<\/li> <li>Alergie i podra\u017cnienia.<\/li> <li>Przeciwwskazania w zabiegach laminacji.<\/li> <li>Praca z klejem - om\u00f3wienie zasad post\u0119powania.<\/li> <li>Charakterystyka produkt\u00f3w wykorzystywanych do laminacji.<\/li> <li>Zasady poprawnej stylizacji.<\/li> <li>Om\u00f3wienie wizyty.<\/li> <li>Om\u00f3wienie trudnych przypadk\u00f3w.<\/li> <\/ul> <p>Cz\u0119\u015b\u0107 2<\/p> <ul> <li>Przygotowanie stanowiska pracy.<\/li> <li>Pokaz zabiegu przez szkoleniowca.<\/li> <\/ul> <p>Cz\u0119\u015b\u0107 3<\/p> <ul> <li>Przygotowanie stanowisk pracy i praca na modelkach.<\/li> <\/ul> <p><strong>Warunki organizacyjno \u2013 logistyczne<\/strong><\/p> <p>D\u0142ugo\u015b\u0107 szkolenia \u2013 10 godzin DYDAKTYCZNYCH<\/p> <ul> <li>1 godzina dydaktyczna = 45 min,<\/li> <li>organizator zapewnia modelki,<\/li> <li>uczestnicy szkolenia pracuj\u0105 na sobie,<\/li> <li>wyk\u0142ad i dzia\u0142ania praktyczne w higienicznych i bezpiecznych warunkach pracy.<\/li> <\/ul> <p>Prosimy o zabranie na szkolenie odzie\u017cy zamiennej (fartuszk\u00f3w \u2013 bluza oraz spodnie) i obuwia zamiennego.<\/p><\/li><li><h4>Terminy<\/h4><p>Zadzwo\u0144 i zapytaj o najbli\u017csze terminy. Tel: 690 197 000<\/p><\/li><li><h4>Prowadz\u0105cy<\/h4><img src=\"https:\/\/www.aproxa.pl\/Symetria\/wp-content\/uploads\/2026\/02\/paulina_swiatek-150x150.jpg\" height=\"150\" title=\"mgr Paulina \u015awi\u0105tek\" alt=\"mgr Paulina \u015awi\u0105tek\" srcset=\"https:\/\/www.aproxa.pl\/Symetria\/wp-content\/uploads\/2026\/02\/paulina_swiatek-150x150.jpg 150w, https:\/\/www.aproxa.pl\/Symetria\/wp-content\/uploads\/2026\/02\/paulina_swiatek-300x300.jpg 300w, https:\/\/www.aproxa.pl\/Symetria\/wp-content\/uploads\/2026\/02\/paulina_swiatek-100x100.jpg 100w, https:\/\/www.aproxa.pl\/Symetria\/wp-content\/uploads\/2026\/02\/paulina_swiatek.jpg 600w\" sizes=\"(max-width: 150px) 100vw, 150px\" \/> <h3> mgr Paulina \u015awi\u0105tek <\/h3> <p>Kosmetolog, absolwentka Krakowskiej Wy\u017cszej Szko\u0142y Promocji Zdrowia oraz Uniwersytetu Jagiello\u0144skiego. Kilkuletnie do\u015bwiadczenie budowa\u0142a na szkoleniach, uczestnictwach w sympozjach oraz pracy z Pacjentami. Jej g\u0142\u00f3wnym za\u0142o\u017ceniem jest holistyczne podej\u015bcie do problemu oraz zaanga\u017cowanie w ca\u0142y proces wsp\u00f3\u0142pracy z lekarzem i Pacjentem.<\/p> <p>Specjalizuje si\u0119 w opracowywaniu terapii \u0142\u0105czonych, w tym liftingu bez ig\u0142y i skalpela oraz modelowaniu sylwetki. Stale poszerza swoj\u0105 wiedz\u0119 i umiej\u0119tno\u015bci, aby Pacjenci mogli czu\u0107 si\u0119 bezpiecznie podczas ka\u017cdego zabiegu.<\/p><\/li><\/ul>\n<h5>Cel edukacyjny<\/h5> <p>Uczestnik po zako\u0144czeniu us\u0142ugi przygotowany b\u0119dzie do samodzielnej pracy w zakresie wykonywania laminacji rz\u0119s i brwi.<\/p> <h5>Efekty uczenia si\u0119<\/h5> <ul> <li>Przestrzega zasad BHP.<\/li> <li>Prawid\u0142owo przygotowuje klienta do zabiegu.<\/li> <li>Przeprowadza wywiad podmiotowy z klientem.<\/li> <li>Stosuje algorytm post\u0119powania podczas zabiegu.<\/li> <li>Prawid\u0142owo wykonuje laminacj\u0119 brwi i rz\u0119s.<\/li> <li>Prawid\u0142owo edukuje klient\u00f3w z zakresu post\u0119powania przed i pozabiegowego.<\/li> <li>Prawid\u0142owo dokumentuje wykonanie zabiegu.<\/li> <\/ul>\n<h5>Kryteria weryfikacji efekt\u00f3w kszta\u0142cenia<\/h5> <ul> <li>R\u00f3\u017cnicuje d\u0142ugo\u015bci rz\u0119s i brwi oraz odpowiednio dobiera preparaty i materia\u0142y zabiegowe.<\/li> <li>Omawia sk\u0142ady chemiczne preparat\u00f3w wykorzystywanych w zabiegach.<\/li> <li>Omawia narz\u0119dzia wykorzystywane w zabiegach laminacji.<\/li> <li>Omawia przeciwskazania do zabieg\u00f3w laminacji brwi i rz\u0119s.<\/li> <\/ul> <h5>Spos\u00f3b weryfikacji efekt\u00f3w uczenia si\u0119<\/h5> <p>Wiedza i umiej\u0119tno\u015b\u0107 kursanta sprawdzane s\u0105 na bie\u017c\u0105co przez trenera w trakcie realizacji programu szkolenia na odpowiednio dobranych tematycznie do zaj\u0119\u0107 modelach.<\/p>\n<p>Program obejmuje 10 godzin dydaktycznych<\/p> <p><strong>Szkolenie adresowane jest do:<\/strong> kosmetyczek, fryzjer\u00f3w, kosmetolog\u00f3w, stylistek paznokci.<\/p> <p><strong>Uczestnik po zako\u0144czeniu us\u0142ugi przygotowany b\u0119dzie do:<\/strong> samodzielnej pracy w zakresie wykonywania laminacji rz\u0119s i brwi.<\/p> <p>Us\u0142uga b\u0119dzie realizowana w formie <strong>wyk\u0142adu<\/strong> oraz <strong>praktycznych \u0107wicze\u0144<\/strong> na modelkach. Uczestnicy pracuj\u0105 w parach przy stanowisku (fotel kosmetyczny, lampa, stolik pomocnik, akcesoria i kosmetyki do zabiegu). Liczba modelek b\u0119dzie adekwatna do potrzeb programu szkolenia. Modelki zapewniane s\u0105 przez organizatora us\u0142ugi. Organizator zapewnia niezb\u0119dne materia\u0142y dydaktyczne tzn. \u015brodki jednorazowego u\u017cytku, ochrony, narz\u0119dzia etc.<\/p> <p><strong>PROGRAM<\/strong><\/p> <p>Cz\u0119\u015b\u0107 1 - teoria<\/p> <ul> <li>Om\u00f3wienie cyklu \u017cycia rz\u0119sy.<\/li> <li>Alergie i podra\u017cnienia.<\/li> <li>Przeciwwskazania w zabiegach laminacji.<\/li> <li>Praca z klejem - om\u00f3wienie zasad post\u0119powania.<\/li> <li>Charakterystyka produkt\u00f3w wykorzystywanych do laminacji.<\/li> <li>Zasady poprawnej stylizacji.<\/li> <li>Om\u00f3wienie wizyty.<\/li> <li>Om\u00f3wienie trudnych przypadk\u00f3w.<\/li> <\/ul> <p>Cz\u0119\u015b\u0107 2<\/p> <ul> <li>Przygotowanie stanowiska pracy.<\/li> <li>Pokaz zabiegu przez szkoleniowca.<\/li> <\/ul> <p>Cz\u0119\u015b\u0107 3<\/p> <ul> <li>Przygotowanie stanowisk pracy i praca na modelkach.<\/li> <\/ul> <p><strong>Warunki organizacyjno \u2013 logistyczne<\/strong><\/p> <p>D\u0142ugo\u015b\u0107 szkolenia \u2013 10 godzin DYDAKTYCZNYCH<\/p> <ul> <li>1 godzina dydaktyczna = 45 min,<\/li> <li>organizator zapewnia modelki,<\/li> <li>uczestnicy szkolenia pracuj\u0105 na sobie,<\/li> <li>wyk\u0142ad i dzia\u0142ania praktyczne w higienicznych i bezpiecznych warunkach pracy.<\/li> <\/ul> <p>Prosimy o zabranie na szkolenie odzie\u017cy zamiennej (fartuszk\u00f3w \u2013 bluza oraz spodnie) i obuwia zamiennego.<\/p>\n<p>Zadzwo\u0144 i zapytaj o najbli\u017csze terminy. Tel: 690 197 000<\/p>\n<img src=\"https:\/\/www.aproxa.pl\/Symetria\/wp-content\/uploads\/2026\/02\/paulina_swiatek-150x150.jpg\" height=\"150\" title=\"mgr Paulina \u015awi\u0105tek\" alt=\"mgr Paulina \u015awi\u0105tek\" srcset=\"https:\/\/www.aproxa.pl\/Symetria\/wp-content\/uploads\/2026\/02\/paulina_swiatek-150x150.jpg 150w, https:\/\/www.aproxa.pl\/Symetria\/wp-content\/uploads\/2026\/02\/paulina_swiatek-300x300.jpg 300w, https:\/\/www.aproxa.pl\/Symetria\/wp-content\/uploads\/2026\/02\/paulina_swiatek-100x100.jpg 100w, https:\/\/www.aproxa.pl\/Symetria\/wp-content\/uploads\/2026\/02\/paulina_swiatek.jpg 600w\" sizes=\"(max-width: 150px) 100vw, 150px\" \/> <h3> mgr Paulina \u015awi\u0105tek <\/h3>\n<p>Kosmetolog, absolwentka Krakowskiej Wy\u017cszej Szko\u0142y Promocji Zdrowia oraz Uniwersytetu Jagiello\u0144skiego. Kilkuletnie do\u015bwiadczenie budowa\u0142a na szkoleniach, uczestnictwach w sympozjach oraz pracy z Pacjentami. Jej g\u0142\u00f3wnym za\u0142o\u017ceniem jest holistyczne podej\u015bcie do problemu oraz zaanga\u017cowanie w ca\u0142y proces wsp\u00f3\u0142pracy z lekarzem i Pacjentem.<\/p> <p>Specjalizuje si\u0119 w opracowywaniu terapii \u0142\u0105czonych, w tym liftingu bez ig\u0142y i skalpela oraz modelowaniu sylwetki. Stale poszerza swoj\u0105 wiedz\u0119 i umiej\u0119tno\u015bci, aby Pacjenci mogli czu\u0107 si\u0119 bezpiecznie podczas ka\u017cdego zabiegu.<\/p>","_links":{"self":[{"href":"https:\/\/www.aproxa.pl\/Symetria\/wp-json\/wp\/v2\/product\/1421","targetHints":{"allow":["GET"]}}],"collection":[{"href":"https:\/\/www.aproxa.pl\/Symetria\/wp-json\/wp\/v2\/product"}],"about":[{"href":"https:\/\/www.aproxa.pl\/Symetria\/wp-json\/wp\/v2\/types\/product"}],"wp:featuredmedia":[{"embeddable":true,"href":"https:\/\/www.aproxa.pl\/Symetria\/wp-json\/wp\/v2\/media\/1516"}],"wp:attachment":[{"href":"https:\/\/www.aproxa.pl\/Symetria\/wp-json\/wp\/v2\/media?parent=1421"}],"wp:term":[{"taxonomy":"product_brand","embeddable":true,"href":"https:\/\/www.aproxa.pl\/Symetria\/wp-json\/wp\/v2\/product_brand?post=1421"},{"taxonomy":"product_cat","embeddable":true,"href":"https:\/\/www.aproxa.pl\/Symetria\/wp-json\/wp\/v2\/product_cat?post=1421"},{"taxonomy":"product_tag","embeddable":true,"href":"https:\/\/www.aproxa.pl\/Symetria\/wp-json\/wp\/v2\/product_tag?post=1421"}],"curies":[{"name":"wp","href":"https:\/\/api.w.org\/{rel}","templated":true}]}}